{"id":6186,"date":"2019-03-06T11:55:54","date_gmt":"2019-03-06T09:55:54","guid":{"rendered":"https:\/\/www.abaula.cat\/qui-som\/"},"modified":"2020-07-20T11:06:37","modified_gmt":"2020-07-20T09:06:37","slug":"quienes-somos","status":"publish","type":"page","link":"https:\/\/www.abaula.cat\/es\/quienes-somos\/","title":{"rendered":"\u00bfQui\u00e9nes somos?"},"content":{"rendered":"<p>[vc_row full_width=&#8221;stretch_row_content_no_spaces&#8221;][vc_column]<link href=\"https:\/\/fonts.googleapis.com\/css?family=Raleway:700\" rel=\"stylesheet\" property=\"stylesheet\" type=\"text\/css\" media=\"all\">\n<div id=\"rev_slider_21_1_wrapper\" class=\"rev_slider_wrapper fullwidthbanner-container\" data-source=\"gallery\" style=\"margin:0px auto;background:transparent;padding:0px;margin-top:0px;margin-bottom:0px;\">\n<!-- START REVOLUTION SLIDER 5.4.8.2 fullwidth mode -->\n\t<div id=\"rev_slider_21_1\" class=\"rev_slider fullwidthabanner\" style=\"display:none;\" data-version=\"5.4.8.2\">\n<ul>\t<!-- SLIDE  -->\n\t<li data-index=\"rs-31\" data-transition=\"fade\" data-slotamount=\"default\" data-hideafterloop=\"0\" data-hideslideonmobile=\"off\"  data-easein=\"default\" data-easeout=\"default\" data-masterspeed=\"300\"  data-rotate=\"0\"  data-saveperformance=\"off\"  data-title=\"Slide\" data-param1=\"\" data-param2=\"\" data-param3=\"\" data-param4=\"\" data-param5=\"\" data-param6=\"\" data-param7=\"\" data-param8=\"\" data-param9=\"\" data-param10=\"\" data-description=\"\">\n\t\t<!-- MAIN IMAGE -->\n\t\t<img loading=\"lazy\" decoding=\"async\" src=\"https:\/\/www.abaula.cat\/wp-content\/uploads\/2020\/07\/quisoms.jpg\"  alt=\"\" title=\"quisoms\"  width=\"1800\" height=\"757\" data-bgposition=\"center center\" data-bgfit=\"cover\" data-bgrepeat=\"no-repeat\" class=\"rev-slidebg\" data-no-retina>\n\t\t<!-- LAYERS -->\n\n\t\t<!-- LAYER NR. 1 -->\n\t\t<div class=\"tp-caption   tp-resizeme\" \n\t\t\t id=\"slide-31-layer-3\" \n\t\t\t data-x=\"['center','center','center','center']\" data-hoffset=\"['0','0','0','0']\" \n\t\t\t data-y=\"['middle','middle','middle','middle']\" data-voffset=\"['0','0','0','0']\" \n\t\t\t\t\t\tdata-width=\"none\"\n\t\t\tdata-height=\"none\"\n\t\t\tdata-whitespace=\"nowrap\"\n \n\t\t\tdata-type=\"text\" \n\t\t\tdata-responsive_offset=\"on\" \n\n\t\t\tdata-frames='[{\"delay\":10,\"speed\":300,\"frame\":\"0\",\"from\":\"opacity:0;\",\"to\":\"o:1;\",\"ease\":\"Power3.easeInOut\"},{\"delay\":\"wait\",\"speed\":300,\"frame\":\"999\",\"to\":\"opacity:0;\",\"ease\":\"Power3.easeInOut\"}]'\n\t\t\tdata-textAlign=\"['inherit','inherit','inherit','inherit']\"\n\t\t\tdata-paddingtop=\"[0,0,0,0]\"\n\t\t\tdata-paddingright=\"[0,0,0,0]\"\n\t\t\tdata-paddingbottom=\"[0,0,0,0]\"\n\t\t\tdata-paddingleft=\"[0,0,0,0]\"\n\n\t\t\tstyle=\"z-index: 5; white-space: nowrap; font-size: 30px; line-height: 22px; font-weight: 700; color: #ffffff; letter-spacing: 0px;font-family:Raleway;\">\u00bfQui\u00e9nes somos? <\/div>\n\t<\/li>\n<\/ul>\n<div class=\"tp-bannertimer tp-bottom\" style=\"visibility: hidden !important;\"><\/div>\t<\/div>\n<script>var htmlDiv = document.getElementById(\"rs-plugin-settings-inline-css\"); var htmlDivCss=\"\";\r\n\t\t\t\tif(htmlDiv) {\r\n\t\t\t\t\thtmlDiv.innerHTML = htmlDiv.innerHTML + htmlDivCss;\r\n\t\t\t\t}else{\r\n\t\t\t\t\tvar htmlDiv = document.createElement(\"div\");\r\n\t\t\t\t\thtmlDiv.innerHTML = \"<style>\" + htmlDivCss + \"<\/style>\";\r\n\t\t\t\t\tdocument.getElementsByTagName(\"head\")[0].appendChild(htmlDiv.childNodes[0]);\r\n\t\t\t\t}\r\n\t\t\t<\/script>\n\t\t<script type=\"text\/javascript\">\r\nif (setREVStartSize!==undefined) setREVStartSize(\r\n\t{c: '#rev_slider_21_1', responsiveLevels: [1240,1024,778,480], gridwidth: [1903,1024,778,480], gridheight: [250,250,250,250], sliderLayout: 'fullwidth'});\r\n\t\t\t\r\nvar revapi21,\r\n\ttpj;\t\r\n(function() {\t\t\t\r\n\tif (!\/loaded|interactive|complete\/.test(document.readyState)) document.addEventListener(\"DOMContentLoaded\",onLoad); else onLoad();\t\r\n\tfunction onLoad() {\t\t\t\t\r\n\t\tif (tpj===undefined) { tpj = jQuery; if(\"off\" == \"on\") tpj.noConflict();}\r\n\tif(tpj(\"#rev_slider_21_1\").revolution == undefined){\n\t\trevslider_showDoubleJqueryError(\"#rev_slider_21_1\");\n\t}else{\n\t\trevapi21 = tpj(\"#rev_slider_21_1\").show().revolution({\n\t\t\tsliderType:\"standard\",\n\t\t\tjsFileLocation:\"\/\/www.abaula.cat\/wp-content\/plugins\/revslider\/public\/assets\/js\/\",\n\t\t\tsliderLayout:\"fullwidth\",\n\t\t\tdottedOverlay:\"none\",\n\t\t\tdelay:9000,\n\t\t\tnavigation: {\n\t\t\t\tonHoverStop:\"off\",\n\t\t\t},\n\t\t\tresponsiveLevels:[1240,1024,778,480],\n\t\t\tvisibilityLevels:[1240,1024,778,480],\n\t\t\tgridwidth:[1903,1024,778,480],\n\t\t\tgridheight:[250,250,250,250],\n\t\t\tlazyType:\"none\",\n\t\t\tshadow:0,\n\t\t\tspinner:\"off\",\n\t\t\tstopLoop:\"off\",\n\t\t\tstopAfterLoops:-1,\n\t\t\tstopAtSlide:-1,\n\t\t\tshuffle:\"off\",\n\t\t\tautoHeight:\"off\",\n\t\t\tdisableProgressBar:\"on\",\n\t\t\thideThumbsOnMobile:\"off\",\n\t\t\thideSliderAtLimit:0,\n\t\t\thideCaptionAtLimit:0,\n\t\t\thideAllCaptionAtLilmit:0,\n\t\t\tdebugMode:false,\n\t\t\tfallbacks: {\n\t\t\t\tsimplifyAll:\"off\",\n\t\t\t\tnextSlideOnWindowFocus:\"off\",\n\t\t\t\tdisableFocusListener:false,\n\t\t\t}\n\t\t});\n\t}; \/* END OF revapi call *\/\n\t\n }; \/* END OF ON LOAD FUNCTION *\/\r\n}()); \/* END OF WRAPPING FUNCTION *\/\r\n<\/script>\r\n\t\t<\/div><!-- END REVOLUTION SLIDER -->[\/vc_column][\/vc_row][vc_row full_width=&#8221;stretch_row&#8221; css=&#8221;.vc_custom_1594411049292{border-bottom-width: 1px !important;border-bottom-color: #ebebeb !important;border-bottom-style: solid !important;}&#8221;][vc_column el_class=&#8221;bread&#8221;][vc_raw_html el_class=&#8221;prova&#8221;]JTVCd3BzZW9fYnJlYWRjcnVtYiU1RA==[\/vc_raw_html][\/vc_column][\/vc_row][vc_row][vc_column][vc_empty_space el_class=&#8221;only-desktop&#8221;][\/vc_column][\/vc_row][vc_row][vc_column width=&#8221;1\/2&#8243;][vc_column_text el_class=&#8221;textos&#8221;]<strong>ABaula<\/strong> es un centro que nace con el objetivo de acompa\u00f1ar a las familias y los ni\u00f1os con dificultades en el neurodesarrollo a lo largo de las diferentes etapas de su vida, para promover su participaci\u00f3n activa y fomentar la autonom\u00eda en su entorno.<\/p>\n<p>Los profesionales del Centro <strong>ABaula<\/strong> estamos ampliamente formados en intervenci\u00f3n en Trastorno del Espectro Autista (TEA), Trastorno por D\u00e9ficit de Atenci\u00f3n y \/ o Hiperactividad (TDAH), Trastornos del Espectro Alcoh\u00f3lico Fetal (TEAF), integraci\u00f3n sensorial, trastornos del aprendizaje y del neurodesarrollo. Atendemos ni\u00f1os, adolescentes y j\u00f3venes; desde 0 hasta los 18 a\u00f1os. ABaula estructura en dos \u00e1reas, desde las que trabajamos de manera multidisciplinar, con el fin de mejorar el desarrollo de los ni\u00f1os, adolescentes y j\u00f3venes:<\/p>\n<p>El \u00e1rea de Terapia Ocupacional, dirigida por Judit Valls, y el \u00e1rea de Psicolog\u00eda y Pedagog\u00eda, dirigida por la Dra. Silvia Barnet.<\/p>\n<p>Desde cada \u00e1mbito, y de manera coordinada, planteamos planes de trabajo individualizados, dirigidos a promover el autoconocimiento y la confianza en las habilidades de los ni\u00f1os, adolescentes y \/ o j\u00f3venes que atendemos; de esta manera observamos una participaci\u00f3n m\u00e1s activa y funcional en todos los aprendizajes y en su generalizaci\u00f3n a todos los contextos de la persona.<br \/>\n[\/vc_column_text][\/vc_column][vc_column width=&#8221;1\/2&#8243;][vc_column_text el_class=&#8221;textos&#8221;]ABaula es un centro que nace con el objetivo de acompa\u00f1ar a las familias y los ni\u00f1os con dificultades en el neurodesarrollo a lo largo de las diferentes etapas de su vida, para promover su participaci\u00f3n activa y fomentar la autonom\u00eda en su entorno .<\/p>\n<p>Los profesionales del Centro ABaula Lo hacemos a trav\u00e9s del dise\u00f1o y la implementaci\u00f3n de programas espec\u00edficos orientados a incrementar sus habilidades comunicativas, la capacidad de aprendizaje, la integraci\u00f3n sensorial y la autonom\u00eda. Damos especial importancia al hecho de trabajar de manera transversal las habilidades sociales, ya sea a trav\u00e9s de sesiones individualizadas o en grupo.<\/p>\n<p>Con el fin de incidir tambi\u00e9n en la mejora de la conducta, la autonom\u00eda y las diferentes \u00e1reas de desarrollo en el contexto natural, ofrecemos pautas a las familias y en las escuelas.<\/p>\n<p>ABaula es un servicio de <a href=\"https:\/\/www.adgirona.cat\/\" target=\"_blank\" rel=\"noopener noreferrer\"><strong>AD\u2019<\/strong> Associaci\u00f3 d\u2019Iniciatives Socials<\/a>, entidad constituida en 1994, sin \u00e1nimo de lucro y especializada en la atenci\u00f3n a la infancia, la adolescencia, j\u00f3venes y familias.[\/vc_column_text][vc_empty_space height=&#8221;30px&#8221;][vc_column_text]<\/p>\n<div class=\"com-treballem-container\"><a href=\"#\" class=\"uji-pop-link com-treballem\"> \u00bfCOMO TRABAJAMOS? <\/a><\/div>\n<p>[\/vc_column_text][\/vc_column][\/vc_row][vc_row][vc_column][vc_empty_space][vc_tta_tabs][vc_tta_section title=&#8221;\u00c1rea de Psicolog\u00eda y Pedagog\u00eda&#8221; tab_id=&#8221;1594413124246-1582b611-86a6&#8243;][vc_column_text]El equipo de Psicolog\u00eda y Pedagog\u00eda lo formamos profesionales con una amplia formaci\u00f3n y experiencia, <strong>altamente especializados en trastornos del neurodesarrollo y del aprendizaje. <\/strong><\/p>\n<p>Nuestro objetivo es <strong>ddetectar las necesidades individuales de cada ni\u00f1o, adolescente o joven, y ofrecerle los apoyos espec\u00edficos que requiere<\/strong>, fomentando su autonom\u00eda y la autodeterminaci\u00f3n en las diferentes actividades y contextos, promoviendo as\u00ed <strong>una mejora en la calidad de vida de la persona.<\/strong><\/p>\n<p>Utilizamos <strong>t\u00e9cnicas y estrategias<\/strong> con demostrada eficacia y que provienen de diferentes teor\u00edas o modelos terap\u00e9uticos, principalmente <strong>a Psicolog\u00eda del Desarrollo, el Modelo Sist\u00e9mico (familiar) y el Modelo Cognitivo-Conductual.<\/strong><\/p>\n<p>Tambi\u00e9n trabajamos siguiendo <strong>metodolog\u00edas y modelos espec\u00edficos<\/strong> para las caracter\u00edsticas del ni\u00f1o, adolescente o joven, como son DENVER, SCERTS, TEACCH, historias sociales, recursos visuales, planes conductuales, herramientas de Integraci\u00f3n Sensorial, recursos basados \u200b\u200ben t\u00e9cnicas psicopedag\u00f3gicas, t\u00e9cnicas de estudio e implementaci\u00f3n de Sistemas Alternativos y \/ o Aumentativos de Comunicaci\u00f3n como PECS.<\/p>\n<p>Evaluamos las diferentes \u00e1reas del desarrollo:<\/p>\n<ul>\n<li><strong>Desarrollo del juego<\/strong><\/li>\n<li><strong>Imitaci\u00f3n y Atenci\u00f3n conjunta<\/strong><\/li>\n<li><strong>Motricidad <\/strong>fina y gruesa<\/li>\n<li><strong>H\u00e1bitos de autonom\u00eda<\/strong><\/li>\n<li><strong>Comunicaci\u00f3n <\/strong>expresiva y receptiva<\/li>\n<li><strong>Habilidades sociales<\/strong><\/li>\n<li><strong>Habilidades cognitivas<\/strong> y de ense\u00f1anza estructurado<\/li>\n<li><strong>Funciones ejecutivas<\/strong><\/li>\n<li><strong>Bienestar emocional<\/strong><\/li>\n<\/ul>\n<p><strong>Planteamos las sesiones a trav\u00e9s del juego, de actividades l\u00fadicas y funcionales para cada persona;<\/strong> de esta manera fomentamos la motivaci\u00f3n para todas las actividades propuestas. Cada uno de los profesionales interviene de manera activa y din\u00e1mica en la realizaci\u00f3n de las diferentes propuestas, junto con el ni\u00f1o, adolescente o joven.<\/p>\n<p>En esta l\u00ednea, <strong>los objetivos terap\u00e9uticos estar\u00e1n consensuados con la familia y\/o el centro educativo<\/strong> (guarder\u00edas, escuelas de infantil y primaria y \/ o institutos). Del mismo modo, <strong>buscamos que los adolescentes y j\u00f3venes participen en su propia propuesta de trabajo<\/strong>, facilitando as\u00ed su adherencia al tratamiento y fomentando una actitud positiva y colaboradora en todas las propuestas.[\/vc_column_text][\/vc_tta_section][vc_tta_section title=&#8221;\u00c1rea de terapia ocupacional&#8221; tab_id=&#8221;1594413124309-0b82b044-2bf7&#8243;][vc_column_text]El equipo de terapia ocupacional lo integramos profesionales con una amplia formaci\u00f3n y experiencia, <strong>especializados en el modelo de Integraci\u00f3n Sensorial.<\/strong><\/p>\n<p>La terapia ocupacional <strong>es una disciplina que busca fomentar la salud y el bienestar de las personas mediante la actividad y el empleo.<\/strong> En el caso de los m\u00e1s peque\u00f1os, &#8220;la ocupaci\u00f3n&#8221; es crecer y aprender a partir de su participaci\u00f3n en actividades de juego, de su rutina diaria y de la escuela.<\/p>\n<p>En el centro ABaula estamos especializados en el modelo de Integraci\u00f3n Sensorial, que es el procesamiento neurol\u00f3gico a partir del cual organizamos las sensaciones que recibimos de nuestro cuerpo y del ambiente a trav\u00e9s de los sentidos (gusto, o\u00eddo, vista, tacto, olfato, movimiento, gravedad y posici\u00f3n), y que da significado a las experiencias clasificando toda la informaci\u00f3n y seleccionando lo importante.<\/p>\n<p><strong>Evaluamos las destrezas, habilidades y dificultades en el desarrollo del ni\u00f1o o adolescente<\/strong> y buscamos la manera de favorecer y promover sus aprendizajes y la participaci\u00f3n activa en las diferentes actividades de la vida diaria, para que lleguen a ser\u00a0<span class=\"hiddenGrammarError\">lo m\u00e1s aut\u00f3nomos<\/span>\u00a0posibles seg\u00fan la etapa vital en que se sit\u00faen.<\/p>\n<p>Las \u00e1reas del desarrollo que evaluamos son las siguientes:<\/p>\n<ul>\n<li><strong>Desarrollo del juego<\/strong><\/li>\n<li><strong>Motricidad<\/strong> gruesa y fina<\/li>\n<li><strong>H\u00e1bitos de autonom\u00eda<\/strong><\/li>\n<li><strong>Dificultades en el procesamiento sensorial<\/strong> (regulaci\u00f3n nivel alerta, dificultades en el aprendizaje, etc)<\/li>\n<\/ul>\n<p><strong>Planteamos las sesiones a trav\u00e9s del juego<\/strong>, de la motivaci\u00f3n intr\u00ednseca y los intereses de los ni\u00f1os y j\u00f3venes, <strong>consensuando los objetivos del plan de intervenci\u00f3n con la familia<\/strong>, la escuela, y con otros profesionales cuando es necesario.[\/vc_column_text][\/vc_tta_section][\/vc_tta_tabs][vc_empty_space][\/vc_column][\/vc_row][vc_row][vc_column][vc_empty_space height=&#8221;10px&#8221;][vc_row_inner css=&#8221;.vc_custom_1594414239521{padding-top: 15px !important;padding-right: 35px !important;padding-bottom: 25px !important;padding-left: 35px !important;background-color: #e30613 !important;}&#8221;][vc_column_inner][vc_column_text]<\/p>\n<div style=\"color: #fff;\">\n<h3 style=\"color: #fff !important; font-size: 18px!important;\">Investigaci\u00f3n y mejora continua<\/h3>\n<p>Entendemos que en nuestra profesi\u00f3n es necesario que nos formamos y nos actualizamos de manera continuada. Por este motivo, cada a\u00f1o los profesionales del equipo de ABaula nos marcamos objetivos internos y desarrollamos investigaciones centradas en la mejora de nuestra pr\u00e1ctica diaria.<\/p>\n<p>Estamos comprometidos con la investigaci\u00f3n, y actualmente participamos en varios proyectos de investigaci\u00f3n con diferentes universidades y centros. Todas las colaboraciones en proyectos est\u00e1n relacionadas con la detecci\u00f3n de necesidades para la mejora de nuestra intervenci\u00f3n y atenci\u00f3n a las familias, ni\u00f1os y j\u00f3venes.<\/p>\n<\/div>\n<p>[\/vc_column_text][\/vc_column_inner][\/vc_row_inner][vc_empty_space height=&#8221;30px&#8221;][\/vc_column][\/vc_row][vc_row][vc_column][vc_empty_space el_class=&#8221;only-desktop&#8221;][vc_column_text el_class=&#8221;titolsprincipals&#8221;]<\/p>\n<h2 style=\"text-align: center;\">Colaboradores<\/h2>\n<p>[\/vc_column_text][vc_zigzag][vc_empty_space height=&#8221;25px&#8221; el_class=&#8221;only-desktop&#8221;][\/vc_column][\/vc_row][vc_row][vc_column width=&#8221;1\/3&#8243;][vc_single_image image=&#8221;3375&#8243; alignment=&#8221;center&#8221; onclick=&#8221;custom_link&#8221; img_link_target=&#8221;_blank&#8221; link=&#8221;https:\/\/www.gencat.cat&#8221; el_class=&#8221;imatgescollaboradors&#8221;][\/vc_column][vc_column width=&#8221;1\/3&#8243;][vc_single_image image=&#8221;3373&#8243; alignment=&#8221;center&#8221; onclick=&#8221;custom_link&#8221; img_link_target=&#8221;_blank&#8221; link=&#8221;https:\/\/www.udg.edu&#8221; el_class=&#8221;imatgescollaboradors&#8221;][\/vc_column][vc_column width=&#8221;1\/3&#8243;][vc_single_image image=&#8221;3380&#8243; alignment=&#8221;center&#8221; onclick=&#8221;custom_link&#8221; img_link_target=&#8221;_blank&#8221; link=&#8221;https:\/\/www.uoc.edu&#8221; el_class=&#8221;imatgescollaboradors&#8221;][\/vc_column][\/vc_row][vc_row][vc_column][vc_empty_space height=&#8221;64px&#8221;][\/vc_column][\/vc_row][vc_row][vc_column width=&#8221;1\/3&#8243;][vc_single_image image=&#8221;3381&#8243; alignment=&#8221;center&#8221; onclick=&#8221;custom_link&#8221; img_link_target=&#8221;_blank&#8221; link=&#8221;https:\/\/www.cambragirona.cat&#8221; el_class=&#8221;imatgescollaboradors&#8221;][\/vc_column][vc_column width=&#8221;1\/3&#8243;][vc_single_image image=&#8221;3714&#8243; alignment=&#8221;center&#8221; onclick=&#8221;custom_link&#8221; img_link_target=&#8221;_blank&#8221; link=&#8221;http:\/\/treballiaferssocials.gencat.cat\/ca\/ambits_tematics\/infancia_i_adolescencia\/proteccio_a_la_infancia_i_ladolescencia\/&#8221; el_class=&#8221;imatgescollaboradors&#8221;][\/vc_column][vc_column width=&#8221;1\/3&#8243;][vc_single_image image=&#8221;3382&#8243; alignment=&#8221;center&#8221; onclick=&#8221;custom_link&#8221; img_link_target=&#8221;_blank&#8221; link=&#8221;https:\/\/www.ddgi.cat\/web&#8221; el_class=&#8221;imatgescollaboradors&#8221;][\/vc_column][\/vc_row][vc_row][vc_column][vc_empty_space height=&#8221;64px&#8221;][\/vc_column][\/vc_row][vc_row][vc_column width=&#8221;1\/3&#8243;][vc_single_image image=&#8221;3392&#8243; alignment=&#8221;center&#8221; onclick=&#8221;custom_link&#8221; img_link_target=&#8221;_blank&#8221; link=&#8221;http:\/\/www.fedaia.org&#8221; el_class=&#8221;imatgescollaboradors&#8221;][\/vc_column][vc_column width=&#8221;1\/3&#8243;][vc_single_image image=&#8221;3389&#8243; alignment=&#8221;center&#8221; onclick=&#8221;custom_link&#8221; img_link_target=&#8221;_blank&#8221; link=&#8221;http:\/\/treballiaferssocials.gencat.cat\/ca\/ambits_tematics\/acolliments_i_adopcions&#8221; el_class=&#8221;imatgescollaboradors&#8221;][\/vc_column][vc_column width=&#8221;1\/3&#8243;][vc_single_image image=&#8221;3386&#8243; alignment=&#8221;center&#8221; onclick=&#8221;custom_link&#8221; img_link_target=&#8221;_blank&#8221; link=&#8221;https:\/\/www.mscbs.gob.es&#8221; el_class=&#8221;imatgescollaboradors&#8221;][\/vc_column][\/vc_row][vc_row][vc_column][vc_empty_space height=&#8221;64px&#8221;][\/vc_column][\/vc_row][vc_row][vc_column width=&#8221;1\/3&#8243;][vc_single_image image=&#8221;3387&#8243; alignment=&#8221;center&#8221; onclick=&#8221;custom_link&#8221; img_link_target=&#8221;_blank&#8221; link=&#8221;https:\/\/www.fundacionbancarialacaixa.org\/corporate\/home_ca.html&#8221; el_class=&#8221;imatgescollaboradors&#8221;][\/vc_column][vc_column width=&#8221;1\/3&#8243;][vc_single_image image=&#8221;3390&#8243; alignment=&#8221;center&#8221; onclick=&#8221;custom_link&#8221; img_link_target=&#8221;_blank&#8221; link=&#8221;https:\/\/portal.uned.es\/portal\/page?_pageid=93,1&amp;_dad=portal&amp;_schema=PORTAL&#8221; el_class=&#8221;imatgescollaboradors&#8221;][\/vc_column][vc_column width=&#8221;1\/3&#8243;][vc_single_image image=&#8221;3391&#8243; alignment=&#8221;center&#8221; onclick=&#8221;custom_link&#8221; img_link_target=&#8221;_blank&#8221; link=&#8221;https:\/\/www.ub.edu\/web\/ub\/ca&#8221; el_class=&#8221;imatgescollaboradors&#8221;][\/vc_column][\/vc_row][vc_row][vc_column][vc_empty_space height=&#8221;64px&#8221;][\/vc_column][\/vc_row]<\/p>\n","protected":false},"excerpt":{"rendered":"<p>[vc_row full_width=&#8221;stretch_row_content_no_spaces&#8221;][vc_column][\/vc_column][\/vc_row][vc_row full_width=&#8221;stretch_row&#8221; css=&#8221;.vc_custom_1594411049292{border-bottom-width: 1px !important;border-bottom-color: #ebebeb !important;border-bottom-style: solid !important;}&#8221;][vc_column el_class=&#8221;bread&#8221;][vc_raw_html el_class=&#8221;prova&#8221;]JTVCd3BzZW9fYnJlYWRjcnVtYiU1RA==[\/vc_raw_html][\/vc_column][\/vc_row][vc_row][vc_column][vc_empty_space el_class=&#8221;only-desktop&#8221;][\/vc_column][\/vc_row][vc_row][vc_column width=&#8221;1\/2&#8243;][vc_column_text el_class=&#8221;textos&#8221;]ABaula es un centro que nace con el objetivo de acompa\u00f1ar a las familias y los ni\u00f1os con dificultades en el neurodesarrollo a lo largo de las diferentes etapas de su vida, para promover su participaci\u00f3n [&hellip;]<\/p>\n","protected":false},"author":3,"featured_media":0,"parent":0,"menu_order":0,"comment_status":"closed","ping_status":"closed","template":"","meta":{"footnotes":""},"class_list":["post-6186","page","type-page","status-publish","hentry"],"yoast_head":"<!-- This site is optimized with the Yoast SEO plugin v14.5 - https:\/\/yoast.com\/wordpress\/plugins\/seo\/ -->\n<title>\u00bfQui\u00e9nes somos? - AD Iniciatives Socials<\/title>\n<meta name=\"robots\" content=\"index, follow\" \/>\n<meta name=\"googlebot\" content=\"index, follow, max-snippet:-1, max-image-preview:large, max-video-preview:-1\" \/>\n<meta name=\"bingbot\" content=\"index, follow, max-snippet:-1, max-image-preview:large, max-video-preview:-1\" \/>\n<link rel=\"canonical\" href=\"https:\/\/www.abaula.cat\/es\/quienes-somos\/\" \/>\n<meta property=\"og:locale\" content=\"es_ES\" \/>\n<meta property=\"og:type\" content=\"article\" \/>\n<meta property=\"og:title\" content=\"\u00bfQui\u00e9nes somos? - AD Iniciatives Socials\" \/>\n<meta property=\"og:description\" content=\"[vc_row full_width=&#8221;stretch_row_content_no_spaces&#8221;][vc_column][\/vc_column][\/vc_row][vc_row full_width=&#8221;stretch_row&#8221; css=&#8221;.vc_custom_1594411049292{border-bottom-width: 1px !important;border-bottom-color: #ebebeb !important;border-bottom-style: solid !important;}&#8221;][vc_column el_class=&#8221;bread&#8221;][vc_raw_html el_class=&#8221;prova&#8221;]JTVCd3BzZW9fYnJlYWRjcnVtYiU1RA==[\/vc_raw_html][\/vc_column][\/vc_row][vc_row][vc_column][vc_empty_space el_class=&#8221;only-desktop&#8221;][\/vc_column][\/vc_row][vc_row][vc_column width=&#8221;1\/2&#8243;][vc_column_text el_class=&#8221;textos&#8221;]ABaula es un centro que nace con el objetivo de acompa\u00f1ar a las familias y los ni\u00f1os con dificultades en el neurodesarrollo a lo largo de las diferentes etapas de su vida, para promover su participaci\u00f3n [&hellip;]\" \/>\n<meta property=\"og:url\" content=\"https:\/\/www.abaula.cat\/es\/quienes-somos\/\" \/>\n<meta property=\"og:site_name\" content=\"AD Iniciatives Socials\" \/>\n<meta property=\"article:modified_time\" content=\"2020-07-20T09:06:37+00:00\" \/>\n<meta name=\"twitter:card\" content=\"summary_large_image\" \/>\n<script type=\"application\/ld+json\" class=\"yoast-schema-graph\">{\"@context\":\"https:\/\/schema.org\",\"@graph\":[{\"@type\":\"Organization\",\"@id\":\"https:\/\/www.abaula.cat\/es\/#organization\",\"name\":\"ABAULA\",\"url\":\"https:\/\/www.abaula.cat\/es\/\",\"sameAs\":[],\"logo\":{\"@type\":\"ImageObject\",\"@id\":\"https:\/\/www.abaula.cat\/es\/#logo\",\"inLanguage\":\"es\",\"url\":\"https:\/\/www.abaula.cat\/wp-content\/uploads\/2020\/07\/logo-red.png\",\"width\":285,\"height\":80,\"caption\":\"ABAULA\"},\"image\":{\"@id\":\"https:\/\/www.abaula.cat\/es\/#logo\"}},{\"@type\":\"WebSite\",\"@id\":\"https:\/\/www.abaula.cat\/es\/#website\",\"url\":\"https:\/\/www.abaula.cat\/es\/\",\"name\":\"AD Iniciatives Socials\",\"description\":\"\",\"publisher\":{\"@id\":\"https:\/\/www.abaula.cat\/es\/#organization\"},\"potentialAction\":[{\"@type\":\"SearchAction\",\"target\":\"https:\/\/www.abaula.cat\/es\/?s={search_term_string}\",\"query-input\":\"required name=search_term_string\"}],\"inLanguage\":\"es\"},{\"@type\":\"WebPage\",\"@id\":\"https:\/\/www.abaula.cat\/es\/quienes-somos\/#webpage\",\"url\":\"https:\/\/www.abaula.cat\/es\/quienes-somos\/\",\"name\":\"\\u00bfQui\\u00e9nes somos? - AD Iniciatives Socials\",\"isPartOf\":{\"@id\":\"https:\/\/www.abaula.cat\/es\/#website\"},\"datePublished\":\"2019-03-06T09:55:54+00:00\",\"dateModified\":\"2020-07-20T09:06:37+00:00\",\"breadcrumb\":{\"@id\":\"https:\/\/www.abaula.cat\/es\/quienes-somos\/#breadcrumb\"},\"inLanguage\":\"es\",\"potentialAction\":[{\"@type\":\"ReadAction\",\"target\":[\"https:\/\/www.abaula.cat\/es\/quienes-somos\/\"]}]},{\"@type\":\"BreadcrumbList\",\"@id\":\"https:\/\/www.abaula.cat\/es\/quienes-somos\/#breadcrumb\",\"itemListElement\":[{\"@type\":\"ListItem\",\"position\":1,\"item\":{\"@type\":\"WebPage\",\"@id\":\"https:\/\/www.abaula.cat\/es\/\",\"url\":\"https:\/\/www.abaula.cat\/es\/\",\"name\":\"Inici\"}},{\"@type\":\"ListItem\",\"position\":2,\"item\":{\"@type\":\"WebPage\",\"@id\":\"https:\/\/www.abaula.cat\/es\/quienes-somos\/\",\"url\":\"https:\/\/www.abaula.cat\/es\/quienes-somos\/\",\"name\":\"\\u00bfQui\\u00e9nes somos?\"}}]}]}<\/script>\n<!-- \/ Yoast SEO plugin. -->","_links":{"self":[{"href":"https:\/\/www.abaula.cat\/es\/wp-json\/wp\/v2\/pages\/6186","targetHints":{"allow":["GET"]}}],"collection":[{"href":"https:\/\/www.abaula.cat\/es\/wp-json\/wp\/v2\/pages"}],"about":[{"href":"https:\/\/www.abaula.cat\/es\/wp-json\/wp\/v2\/types\/page"}],"author":[{"embeddable":true,"href":"https:\/\/www.abaula.cat\/es\/wp-json\/wp\/v2\/users\/3"}],"replies":[{"embeddable":true,"href":"https:\/\/www.abaula.cat\/es\/wp-json\/wp\/v2\/comments?post=6186"}],"version-history":[{"count":4,"href":"https:\/\/www.abaula.cat\/es\/wp-json\/wp\/v2\/pages\/6186\/revisions"}],"predecessor-version":[{"id":6266,"href":"https:\/\/www.abaula.cat\/es\/wp-json\/wp\/v2\/pages\/6186\/revisions\/6266"}],"wp:attachment":[{"href":"https:\/\/www.abaula.cat\/es\/wp-json\/wp\/v2\/media?parent=6186"}],"curies":[{"name":"wp","href":"https:\/\/api.w.org\/{rel}","templated":true}]}}