{"id":6185,"date":"2019-03-21T11:54:20","date_gmt":"2019-03-21T09:54:20","guid":{"rendered":"https:\/\/www.abaula.cat\/vols-treballar-amb-nosaltres\/"},"modified":"2020-07-20T11:09:28","modified_gmt":"2020-07-20T09:09:28","slug":"quieres-trabajar-con-nosotros","status":"publish","type":"page","link":"https:\/\/www.abaula.cat\/es\/quieres-trabajar-con-nosotros\/","title":{"rendered":"\u00bfQuieres trabajar con nosotros?"},"content":{"rendered":"<p>[vc_row full_width=&#8221;stretch_row_content_no_spaces&#8221;][vc_column]<link href=\"https:\/\/fonts.googleapis.com\/css?family=Raleway:700\" rel=\"stylesheet\" property=\"stylesheet\" type=\"text\/css\" media=\"all\">\n<div id=\"rev_slider_31_1_wrapper\" class=\"rev_slider_wrapper fullwidthbanner-container\" data-source=\"gallery\" style=\"margin:0px auto;background:transparent;padding:0px;margin-top:0px;margin-bottom:0px;\">\n<!-- START REVOLUTION SLIDER 5.4.8.2 fullwidth mode -->\n\t<div id=\"rev_slider_31_1\" class=\"rev_slider fullwidthabanner\" style=\"display:none;\" data-version=\"5.4.8.2\">\n<ul>\t<!-- SLIDE  -->\n\t<li data-index=\"rs-45\" data-transition=\"fade\" data-slotamount=\"default\" data-hideafterloop=\"0\" data-hideslideonmobile=\"off\"  data-easein=\"default\" data-easeout=\"default\" data-masterspeed=\"300\"  data-rotate=\"0\"  data-saveperformance=\"off\"  data-title=\"Slide\" data-param1=\"\" data-param2=\"\" data-param3=\"\" data-param4=\"\" data-param5=\"\" data-param6=\"\" data-param7=\"\" data-param8=\"\" data-param9=\"\" data-param10=\"\" data-description=\"\">\n\t\t<!-- MAIN IMAGE -->\n\t\t<img loading=\"lazy\" decoding=\"async\" src=\"https:\/\/www.abaula.cat\/wp-content\/uploads\/2020\/07\/contact.jpg\"  alt=\"\" title=\"contact\"  width=\"2000\" height=\"841\" data-bgposition=\"center center\" data-bgfit=\"cover\" data-bgrepeat=\"no-repeat\" class=\"rev-slidebg\" data-no-retina>\n\t\t<!-- LAYERS -->\n\n\t\t<!-- LAYER NR. 1 -->\n\t\t<div class=\"tp-caption   tp-resizeme\" \n\t\t\t id=\"slide-45-layer-3\" \n\t\t\t data-x=\"center\" data-hoffset=\"-58\" \n\t\t\t data-y=\"86\" \n\t\t\t\t\t\tdata-width=\"['auto']\"\n\t\t\tdata-height=\"['auto']\"\n \n\t\t\tdata-type=\"text\" \n\t\t\tdata-responsive_offset=\"on\" \n\n\t\t\tdata-frames='[{\"delay\":10,\"speed\":300,\"frame\":\"0\",\"from\":\"opacity:0;\",\"to\":\"o:1;\",\"ease\":\"Power3.easeInOut\"},{\"delay\":\"wait\",\"speed\":300,\"frame\":\"999\",\"to\":\"opacity:0;\",\"ease\":\"Power3.easeInOut\"}]'\n\t\t\tdata-textAlign=\"['inherit','inherit','inherit','inherit']\"\n\t\t\tdata-paddingtop=\"[0,0,0,0]\"\n\t\t\tdata-paddingright=\"[0,0,0,0]\"\n\t\t\tdata-paddingbottom=\"[0,0,0,0]\"\n\t\t\tdata-paddingleft=\"[0,0,0,0]\"\n\n\t\t\tstyle=\"z-index: 5; white-space: nowrap; font-size: 30px; line-height: 22px; font-weight: 700; color: #ffffff; letter-spacing: 0px;font-family:Raleway;\">\u00bfQuieres trabajar con nosotros? <\/div>\n\t<\/li>\n<\/ul>\n<div class=\"tp-bannertimer tp-bottom\" style=\"visibility: hidden !important;\"><\/div>\t<\/div>\n<script>var htmlDiv = document.getElementById(\"rs-plugin-settings-inline-css\"); var htmlDivCss=\"\";\r\n\t\t\t\tif(htmlDiv) {\r\n\t\t\t\t\thtmlDiv.innerHTML = htmlDiv.innerHTML + htmlDivCss;\r\n\t\t\t\t}else{\r\n\t\t\t\t\tvar htmlDiv = document.createElement(\"div\");\r\n\t\t\t\t\thtmlDiv.innerHTML = \"<style>\" + htmlDivCss + \"<\/style>\";\r\n\t\t\t\t\tdocument.getElementsByTagName(\"head\")[0].appendChild(htmlDiv.childNodes[0]);\r\n\t\t\t\t}\r\n\t\t\t<\/script>\n\t\t<script type=\"text\/javascript\">\r\nif (setREVStartSize!==undefined) setREVStartSize(\r\n\t{c: '#rev_slider_31_1', gridwidth: [1903], gridheight: [175], sliderLayout: 'fullwidth'});\r\n\t\t\t\r\nvar revapi31,\r\n\ttpj;\t\r\n(function() {\t\t\t\r\n\tif (!\/loaded|interactive|complete\/.test(document.readyState)) document.addEventListener(\"DOMContentLoaded\",onLoad); else onLoad();\t\r\n\tfunction onLoad() {\t\t\t\t\r\n\t\tif (tpj===undefined) { tpj = jQuery; if(\"off\" == \"on\") tpj.noConflict();}\r\n\tif(tpj(\"#rev_slider_31_1\").revolution == undefined){\n\t\trevslider_showDoubleJqueryError(\"#rev_slider_31_1\");\n\t}else{\n\t\trevapi31 = tpj(\"#rev_slider_31_1\").show().revolution({\n\t\t\tsliderType:\"standard\",\n\t\t\tjsFileLocation:\"\/\/www.abaula.cat\/wp-content\/plugins\/revslider\/public\/assets\/js\/\",\n\t\t\tsliderLayout:\"fullwidth\",\n\t\t\tdottedOverlay:\"none\",\n\t\t\tdelay:9000,\n\t\t\tnavigation: {\n\t\t\t\tonHoverStop:\"off\",\n\t\t\t},\n\t\t\tvisibilityLevels:[1240,1024,778,480],\n\t\t\tgridwidth:1903,\n\t\t\tgridheight:175,\n\t\t\tlazyType:\"none\",\n\t\t\tshadow:0,\n\t\t\tspinner:\"spinner0\",\n\t\t\tstopLoop:\"off\",\n\t\t\tstopAfterLoops:-1,\n\t\t\tstopAtSlide:-1,\n\t\t\tshuffle:\"off\",\n\t\t\tautoHeight:\"off\",\n\t\t\tdisableProgressBar:\"on\",\n\t\t\thideThumbsOnMobile:\"off\",\n\t\t\thideSliderAtLimit:0,\n\t\t\thideCaptionAtLimit:0,\n\t\t\thideAllCaptionAtLilmit:0,\n\t\t\tdebugMode:false,\n\t\t\tfallbacks: {\n\t\t\t\tsimplifyAll:\"off\",\n\t\t\t\tnextSlideOnWindowFocus:\"off\",\n\t\t\t\tdisableFocusListener:false,\n\t\t\t}\n\t\t});\n\t}; \/* END OF revapi call *\/\n\t\n }; \/* END OF ON LOAD FUNCTION *\/\r\n}()); \/* END OF WRAPPING FUNCTION *\/\r\n<\/script>\r\n\t\t<\/div><!-- END REVOLUTION SLIDER -->[\/vc_column][\/vc_row][vc_row full_width=&#8221;stretch_row&#8221; css=&#8221;.vc_custom_1594411049292{border-bottom-width: 1px !important;border-bottom-color: #ebebeb !important;border-bottom-style: solid !important;}&#8221;][vc_column el_class=&#8221;bread&#8221;][vc_raw_html el_class=&#8221;prova&#8221;]JTVCd3BzZW9fYnJlYWRjcnVtYiU1RA==[\/vc_raw_html][\/vc_column][\/vc_row][vc_row][vc_column][vc_empty_space][vc_column_text el_class=&#8221;textos&#8221;]Tanto si lo que quieres es colaborar como si lo que deseas es trabajar, no dudes en contactar con nosotros. Tanto si lo que quieres es aportar tu granito de arena para que el AD Iniciativas Sociales vaya creciendo d\u00eda a d\u00eda, como lo ha hecho hasta ahora, como si lo que quieres es entrar a trabajar en un centro moderno e innovador en expansi\u00f3n, env\u00eda tu propuesta de colaboraci\u00f3n y tu curr\u00edculum a <a href=\"mailto:info@abaula.cat\" target=\"_blank\" rel=\"noopener noreferrer\">info@abaula.cat<\/a>\u00a0.[\/vc_column_text][\/vc_column][\/vc_row]<\/p>\n","protected":false},"excerpt":{"rendered":"<p>[vc_row full_width=&#8221;stretch_row_content_no_spaces&#8221;][vc_column][\/vc_column][\/vc_row][vc_row full_width=&#8221;stretch_row&#8221; css=&#8221;.vc_custom_1594411049292{border-bottom-width: 1px !important;border-bottom-color: #ebebeb !important;border-bottom-style: solid !important;}&#8221;][vc_column el_class=&#8221;bread&#8221;][vc_raw_html el_class=&#8221;prova&#8221;]JTVCd3BzZW9fYnJlYWRjcnVtYiU1RA==[\/vc_raw_html][\/vc_column][\/vc_row][vc_row][vc_column][vc_empty_space][vc_column_text el_class=&#8221;textos&#8221;]Tanto si lo que quieres es colaborar como si lo que deseas es trabajar, no dudes en contactar con nosotros. Tanto si lo que quieres es aportar tu granito de arena para que el AD Iniciativas Sociales vaya [&hellip;]<\/p>\n","protected":false},"author":3,"featured_media":0,"parent":0,"menu_order":0,"comment_status":"closed","ping_status":"closed","template":"","meta":{"footnotes":""},"class_list":["post-6185","page","type-page","status-publish","hentry"],"yoast_head":"<!-- This site is optimized with the Yoast SEO plugin v14.5 - https:\/\/yoast.com\/wordpress\/plugins\/seo\/ -->\n<title>\u00bfQuieres trabajar con nosotros? - AD Iniciatives Socials<\/title>\n<meta name=\"robots\" content=\"index, follow\" \/>\n<meta name=\"googlebot\" content=\"index, follow, max-snippet:-1, max-image-preview:large, max-video-preview:-1\" \/>\n<meta name=\"bingbot\" content=\"index, follow, max-snippet:-1, max-image-preview:large, max-video-preview:-1\" \/>\n<link rel=\"canonical\" href=\"https:\/\/www.abaula.cat\/es\/quieres-trabajar-con-nosotros\/\" \/>\n<meta property=\"og:locale\" content=\"es_ES\" \/>\n<meta property=\"og:type\" content=\"article\" \/>\n<meta property=\"og:title\" content=\"\u00bfQuieres trabajar con nosotros? - AD Iniciatives Socials\" \/>\n<meta property=\"og:description\" content=\"[vc_row full_width=&#8221;stretch_row_content_no_spaces&#8221;][vc_column][\/vc_column][\/vc_row][vc_row full_width=&#8221;stretch_row&#8221; css=&#8221;.vc_custom_1594411049292{border-bottom-width: 1px !important;border-bottom-color: #ebebeb !important;border-bottom-style: solid !important;}&#8221;][vc_column el_class=&#8221;bread&#8221;][vc_raw_html el_class=&#8221;prova&#8221;]JTVCd3BzZW9fYnJlYWRjcnVtYiU1RA==[\/vc_raw_html][\/vc_column][\/vc_row][vc_row][vc_column][vc_empty_space][vc_column_text el_class=&#8221;textos&#8221;]Tanto si lo que quieres es colaborar como si lo que deseas es trabajar, no dudes en contactar con nosotros. Tanto si lo que quieres es aportar tu granito de arena para que el AD Iniciativas Sociales vaya [&hellip;]\" \/>\n<meta property=\"og:url\" content=\"https:\/\/www.abaula.cat\/es\/quieres-trabajar-con-nosotros\/\" \/>\n<meta property=\"og:site_name\" content=\"AD Iniciatives Socials\" \/>\n<meta property=\"article:modified_time\" content=\"2020-07-20T09:09:28+00:00\" \/>\n<meta name=\"twitter:card\" content=\"summary_large_image\" \/>\n<script type=\"application\/ld+json\" class=\"yoast-schema-graph\">{\"@context\":\"https:\/\/schema.org\",\"@graph\":[{\"@type\":\"Organization\",\"@id\":\"https:\/\/www.abaula.cat\/es\/#organization\",\"name\":\"ABAULA\",\"url\":\"https:\/\/www.abaula.cat\/es\/\",\"sameAs\":[],\"logo\":{\"@type\":\"ImageObject\",\"@id\":\"https:\/\/www.abaula.cat\/es\/#logo\",\"inLanguage\":\"es\",\"url\":\"https:\/\/www.abaula.cat\/wp-content\/uploads\/2020\/07\/logo-red.png\",\"width\":285,\"height\":80,\"caption\":\"ABAULA\"},\"image\":{\"@id\":\"https:\/\/www.abaula.cat\/es\/#logo\"}},{\"@type\":\"WebSite\",\"@id\":\"https:\/\/www.abaula.cat\/es\/#website\",\"url\":\"https:\/\/www.abaula.cat\/es\/\",\"name\":\"AD Iniciatives Socials\",\"description\":\"\",\"publisher\":{\"@id\":\"https:\/\/www.abaula.cat\/es\/#organization\"},\"potentialAction\":[{\"@type\":\"SearchAction\",\"target\":\"https:\/\/www.abaula.cat\/es\/?s={search_term_string}\",\"query-input\":\"required name=search_term_string\"}],\"inLanguage\":\"es\"},{\"@type\":\"WebPage\",\"@id\":\"https:\/\/www.abaula.cat\/es\/quieres-trabajar-con-nosotros\/#webpage\",\"url\":\"https:\/\/www.abaula.cat\/es\/quieres-trabajar-con-nosotros\/\",\"name\":\"\\u00bfQuieres trabajar con nosotros? - AD Iniciatives Socials\",\"isPartOf\":{\"@id\":\"https:\/\/www.abaula.cat\/es\/#website\"},\"datePublished\":\"2019-03-21T09:54:20+00:00\",\"dateModified\":\"2020-07-20T09:09:28+00:00\",\"breadcrumb\":{\"@id\":\"https:\/\/www.abaula.cat\/es\/quieres-trabajar-con-nosotros\/#breadcrumb\"},\"inLanguage\":\"es\",\"potentialAction\":[{\"@type\":\"ReadAction\",\"target\":[\"https:\/\/www.abaula.cat\/es\/quieres-trabajar-con-nosotros\/\"]}]},{\"@type\":\"BreadcrumbList\",\"@id\":\"https:\/\/www.abaula.cat\/es\/quieres-trabajar-con-nosotros\/#breadcrumb\",\"itemListElement\":[{\"@type\":\"ListItem\",\"position\":1,\"item\":{\"@type\":\"WebPage\",\"@id\":\"https:\/\/www.abaula.cat\/es\/\",\"url\":\"https:\/\/www.abaula.cat\/es\/\",\"name\":\"Inici\"}},{\"@type\":\"ListItem\",\"position\":2,\"item\":{\"@type\":\"WebPage\",\"@id\":\"https:\/\/www.abaula.cat\/es\/quieres-trabajar-con-nosotros\/\",\"url\":\"https:\/\/www.abaula.cat\/es\/quieres-trabajar-con-nosotros\/\",\"name\":\"\\u00bfQuieres trabajar con nosotros?\"}}]}]}<\/script>\n<!-- \/ Yoast SEO plugin. -->","_links":{"self":[{"href":"https:\/\/www.abaula.cat\/es\/wp-json\/wp\/v2\/pages\/6185","targetHints":{"allow":["GET"]}}],"collection":[{"href":"https:\/\/www.abaula.cat\/es\/wp-json\/wp\/v2\/pages"}],"about":[{"href":"https:\/\/www.abaula.cat\/es\/wp-json\/wp\/v2\/types\/page"}],"author":[{"embeddable":true,"href":"https:\/\/www.abaula.cat\/es\/wp-json\/wp\/v2\/users\/3"}],"replies":[{"embeddable":true,"href":"https:\/\/www.abaula.cat\/es\/wp-json\/wp\/v2\/comments?post=6185"}],"version-history":[{"count":2,"href":"https:\/\/www.abaula.cat\/es\/wp-json\/wp\/v2\/pages\/6185\/revisions"}],"predecessor-version":[{"id":6267,"href":"https:\/\/www.abaula.cat\/es\/wp-json\/wp\/v2\/pages\/6185\/revisions\/6267"}],"wp:attachment":[{"href":"https:\/\/www.abaula.cat\/es\/wp-json\/wp\/v2\/media?parent=6185"}],"curies":[{"name":"wp","href":"https:\/\/api.w.org\/{rel}","templated":true}]}}