{"id":6171,"date":"2020-07-10T20:24:16","date_gmt":"2020-07-10T18:24:16","guid":{"rendered":"https:\/\/www.abaula.cat\/que-oferim\/coordinacio-amb-altres-professionals\/"},"modified":"2020-07-20T10:18:32","modified_gmt":"2020-07-20T08:18:32","slug":"coordinacion-con-otros-profesionales","status":"publish","type":"page","link":"https:\/\/www.abaula.cat\/es\/que-ofrecemos\/coordinacion-con-otros-profesionales\/","title":{"rendered":"Coordinaci\u00f3n con otros profesionales"},"content":{"rendered":"<p>[vc_row][vc_column][\/vc_column][\/vc_row][vc_row full_width=&#8221;stretch_row_content_no_spaces&#8221;][vc_column]<link href=\"https:\/\/fonts.googleapis.com\/css?family=Raleway:700\" rel=\"stylesheet\" property=\"stylesheet\" type=\"text\/css\" media=\"all\">\n<div id=\"rev_slider_38_1_wrapper\" class=\"rev_slider_wrapper fullwidthbanner-container\" data-source=\"gallery\" style=\"margin:0px auto;background:transparent;padding:0px;margin-top:0px;margin-bottom:0px;\">\n<!-- START REVOLUTION SLIDER 5.4.8.2 fullwidth mode -->\n\t<div id=\"rev_slider_38_1\" class=\"rev_slider fullwidthabanner\" style=\"display:none;\" data-version=\"5.4.8.2\">\n<ul>\t<!-- SLIDE  -->\n\t<li data-index=\"rs-52\" data-transition=\"fade\" data-slotamount=\"default\" data-hideafterloop=\"0\" data-hideslideonmobile=\"off\"  data-easein=\"default\" data-easeout=\"default\" data-masterspeed=\"300\"  data-rotate=\"0\"  data-saveperformance=\"off\"  data-title=\"Slide\" data-param1=\"\" data-param2=\"\" data-param3=\"\" data-param4=\"\" data-param5=\"\" data-param6=\"\" data-param7=\"\" data-param8=\"\" data-param9=\"\" data-param10=\"\" data-description=\"\">\n\t\t<!-- MAIN IMAGE -->\n\t\t<img loading=\"lazy\" decoding=\"async\" src=\"https:\/\/www.abaula.cat\/wp-content\/uploads\/2020\/07\/title-abaula.jpg\"  alt=\"\" title=\"title-abaula\"  width=\"1800\" height=\"1030\" data-bgposition=\"center center\" data-bgfit=\"cover\" data-bgrepeat=\"no-repeat\" class=\"rev-slidebg\" data-no-retina>\n\t\t<!-- LAYERS -->\n\n\t\t<!-- LAYER NR. 1 -->\n\t\t<div class=\"tp-caption   tp-resizeme\" \n\t\t\t id=\"slide-52-layer-3\" \n\t\t\t data-x=\"center\" data-hoffset=\"-30\" \n\t\t\t data-y=\"91\" \n\t\t\t\t\t\tdata-width=\"['auto']\"\n\t\t\tdata-height=\"['auto']\"\n \n\t\t\tdata-type=\"text\" \n\t\t\tdata-responsive_offset=\"on\" \n\n\t\t\tdata-frames='[{\"delay\":10,\"speed\":300,\"frame\":\"0\",\"from\":\"opacity:0;\",\"to\":\"o:1;\",\"ease\":\"Power3.easeInOut\"},{\"delay\":\"wait\",\"speed\":300,\"frame\":\"999\",\"to\":\"opacity:0;\",\"ease\":\"Power3.easeInOut\"}]'\n\t\t\tdata-textAlign=\"['inherit','inherit','inherit','inherit']\"\n\t\t\tdata-paddingtop=\"[0,0,0,0]\"\n\t\t\tdata-paddingright=\"[0,0,0,0]\"\n\t\t\tdata-paddingbottom=\"[0,0,0,0]\"\n\t\t\tdata-paddingleft=\"[0,0,0,0]\"\n\n\t\t\tstyle=\"z-index: 5; white-space: nowrap; font-size: 30px; line-height: 22px; font-weight: 700; color: #ffffff; letter-spacing: 0px;font-family:Raleway;\">Que ofrecemos <\/div>\n\t<\/li>\n<\/ul>\n<div class=\"tp-bannertimer tp-bottom\" style=\"visibility: hidden !important;\"><\/div>\t<\/div>\n<script>var htmlDiv = document.getElementById(\"rs-plugin-settings-inline-css\"); var htmlDivCss=\"\";\r\n\t\t\t\tif(htmlDiv) {\r\n\t\t\t\t\thtmlDiv.innerHTML = htmlDiv.innerHTML + htmlDivCss;\r\n\t\t\t\t}else{\r\n\t\t\t\t\tvar htmlDiv = document.createElement(\"div\");\r\n\t\t\t\t\thtmlDiv.innerHTML = \"<style>\" + htmlDivCss + \"<\/style>\";\r\n\t\t\t\t\tdocument.getElementsByTagName(\"head\")[0].appendChild(htmlDiv.childNodes[0]);\r\n\t\t\t\t}\r\n\t\t\t<\/script>\n\t\t<script type=\"text\/javascript\">\r\nif (setREVStartSize!==undefined) setREVStartSize(\r\n\t{c: '#rev_slider_38_1', gridwidth: [1903], gridheight: [175], sliderLayout: 'fullwidth'});\r\n\t\t\t\r\nvar revapi38,\r\n\ttpj;\t\r\n(function() {\t\t\t\r\n\tif (!\/loaded|interactive|complete\/.test(document.readyState)) document.addEventListener(\"DOMContentLoaded\",onLoad); else onLoad();\t\r\n\tfunction onLoad() {\t\t\t\t\r\n\t\tif (tpj===undefined) { tpj = jQuery; if(\"off\" == \"on\") tpj.noConflict();}\r\n\tif(tpj(\"#rev_slider_38_1\").revolution == undefined){\n\t\trevslider_showDoubleJqueryError(\"#rev_slider_38_1\");\n\t}else{\n\t\trevapi38 = tpj(\"#rev_slider_38_1\").show().revolution({\n\t\t\tsliderType:\"standard\",\n\t\t\tjsFileLocation:\"\/\/www.abaula.cat\/wp-content\/plugins\/revslider\/public\/assets\/js\/\",\n\t\t\tsliderLayout:\"fullwidth\",\n\t\t\tdottedOverlay:\"none\",\n\t\t\tdelay:9000,\n\t\t\tnavigation: {\n\t\t\t\tonHoverStop:\"off\",\n\t\t\t},\n\t\t\tvisibilityLevels:[1240,1024,778,480],\n\t\t\tgridwidth:1903,\n\t\t\tgridheight:175,\n\t\t\tlazyType:\"none\",\n\t\t\tshadow:0,\n\t\t\tspinner:\"off\",\n\t\t\tstopLoop:\"off\",\n\t\t\tstopAfterLoops:-1,\n\t\t\tstopAtSlide:-1,\n\t\t\tshuffle:\"off\",\n\t\t\tautoHeight:\"off\",\n\t\t\tdisableProgressBar:\"on\",\n\t\t\thideThumbsOnMobile:\"off\",\n\t\t\thideSliderAtLimit:0,\n\t\t\thideCaptionAtLimit:0,\n\t\t\thideAllCaptionAtLilmit:0,\n\t\t\tdebugMode:false,\n\t\t\tfallbacks: {\n\t\t\t\tsimplifyAll:\"off\",\n\t\t\t\tnextSlideOnWindowFocus:\"off\",\n\t\t\t\tdisableFocusListener:false,\n\t\t\t}\n\t\t});\n\t}; \/* END OF revapi call *\/\n\t\n }; \/* END OF ON LOAD FUNCTION *\/\r\n}()); \/* END OF WRAPPING FUNCTION *\/\r\n<\/script>\r\n\t\t<\/div><!-- END REVOLUTION SLIDER -->[\/vc_column][\/vc_row][vc_row full_width=&#8221;stretch_row&#8221; css=&#8221;.vc_custom_1594411049292{border-bottom-width: 1px !important;border-bottom-color: #ebebeb !important;border-bottom-style: solid !important;}&#8221;][vc_column el_class=&#8221;bread&#8221;][vc_raw_html el_class=&#8221;prova&#8221;]JTVCd3BzZW9fYnJlYWRjcnVtYiU1RA==[\/vc_raw_html][\/vc_column][\/vc_row][vc_row][vc_column width=&#8221;1\/3&#8243;][vc_empty_space el_class=&#8221;only-desktop&#8221;][vc_widget_sidebar sidebar_id=&#8221;sidebar_professionals&#8221; el_class=&#8221;giny only-desktop&#8221;][\/vc_column][vc_column width=&#8221;2\/3&#8243;][vc_empty_space el_class=&#8221;only-desktop&#8221;][vc_column_text el_class=&#8221;titolsprincipals&#8221;]<\/p>\n<h3 class=\"title-oferim-indiv\">Coordinaci\u00f3n con otros profesionales<\/h3>\n<p>[\/vc_column_text][vc_zigzag css=&#8221;.vc_custom_1594407794528{padding-top: 10px !important;padding-bottom: 10px !important;}&#8221;][vc_column_text el_class=&#8221;prova&#8221;]Las coordinaciones con otros profesionales consisten en reuniones presenciales y un seguimiento mediante correo electr\u00f3nico o tel\u00e9fono. El objetivo principal de las coordinaciones es trabajar de manera colegiada a trav\u00e9s del intercambio de informaci\u00f3n continuado.<\/p>\n<p>La frecuencia de las coordinaciones con el profesional (centro escolar, otros centros de intervenci\u00f3n, etc \u2026) se establece en funci\u00f3n de las necesidades de cada ni\u00f1o o adolescente, con el objetivo de trabajar contenidos complementarios que favorezcan los aprendizajes y el desarrollo, y de facilitar actividades adaptadas o soportes espec\u00edficos si la persona lo requiere.[\/vc_column_text][\/vc_column][\/vc_row][vc_row full_width=&#8221;stretch_row_content_no_spaces&#8221;][vc_column][vc_empty_space height=&#8221;64px&#8221;][vc_separator border_width=&#8221;2&#8243; el_width=&#8221;90&#8243; fullwidth=&#8221;yes&#8221;][vc_empty_space height=&#8221;64px&#8221;][\/vc_column][\/vc_row][vc_row][vc_column]<div class=\"vntd-carousel-holder\"><div class=\"vntd-carousel-title\"><h2>\u00daltimas noticias<\/h2><\/div><div class=\"vntd-carousel vntd-blog-carousel vntd-blog blog-style-boxed blog-meta-minimal carousel-nav-true nav-position-top_right blog-hover-style-light carousel-dots-align-center\" data-cols=\"3\" data-autoplay=\"true\" data-margin=\"30\" data-dots=\"true\" data-nav=\"true\">\t\t<div class=\"item\">\n\n\t\t\t<div class=\"blog-item-inner\">\n\t\t\t\t\n\t\t\t\t\t\t\t\t<div class=\"blog-post-thumbnail\">\n\t\t\t\t\t<div class=\"member-image-holder\">\n\t\t\t\t\t\t\n\t<div class=\"blog-extra-meta\">\n\t\t<div class=\"extra-meta-item extra-meta-date\">\n\t\t\t<span class=\"vntd-day\">25<\/span><span class=\"vntd-month\">Feb<\/span>\t\t<\/div>\n\t<\/div>\n\n\t\t\t\t\t\t\t<a href=\"https:\/\/www.abaula.cat\/es\/curso-de-impact\/\">\n\t\t\t\t\t\t<img decoding=\"async\" src=\"https:\/\/www.abaula.cat\/wp-content\/uploads\/2019\/03\/t1-450x332.jpg\" alt=\"Curso de ImPACT\">\n\t\t\t\t\t\t<div class=\"carousel-post-overlay\">\n\t\t\t\t\t\t\t<div class=\"fa fa-search\"><\/div>\n\t\t\t\t\t\t<\/div>\n\t\t\t\t\t\t<\/a>\n\t\t\t\t\t\t\n\t\t\t\t\t<\/div>\n\t\t\t\t<\/div>\n\t\t\t\t\n\t\t\t\t<div class=\"blog-post-details\">\n\t\t\t\t\n\t\t\t\t\t<div class=\"blog-post-details-inner\">\n\t\t\t\t\t\t\t\t\t\t\t\t<h5 class=\"blog-post-title\">\n\t\t\t\t\t\t\t<a href=\"https:\/\/www.abaula.cat\/es\/curso-de-impact\/\">\n\t\t\t\t\t\t\tCurso de ImPACT\t\t\t\t\t\t\t<\/a>\n\t\t\t\t\t\t<\/h5>\n\t\t\t\t\t\t\n\t\t\t\t\t\t\t<div class=\"vntd-meta-section classic-meta-section\">\n\t\t\t\t<span class=\"vntd-meta-author\">\n\t\t\tBy:\n\t\t\t<a href=\"https:\/\/www.abaula.cat\/es\/author\/abaula\/\">\n\t\t\t\tAbaula\t\t\t<\/a>\n\t\t<\/span>\n\t\t\t\t<span class=\"vntd-meta-date\">\n\t\t\tOn:\n\t\t\t<span class=\"meta-value\">25\/02\/2019<\/span>\n\t\t<\/span>\n\t\t\t\t<span class=\"vntd-meta-categories\">\n\t\t\tIn:\n\t\t\t<a href=\"https:\/\/www.abaula.cat\/es\/category\/cursoimpact-es\/\" rel=\"category tag\">CursoImPACT<\/a>\t\t<\/span>\n\t\t\t\t<span class=\"vntd-meta-comments\">\n\t\t\tComments:\n\t\t\t<a href=\"https:\/\/www.abaula.cat\/es\/curso-de-impact\/#comments\" title=\"View comments\">0<\/a>\n\t\t<\/span>\n\t\t\t<\/div>\n\t\t\t\t\t\n\t\t\t\t\t\t<div class=\"details\">\n\t\t\t\t\t\t\t<p>\u00a1Foto de todos los participantes en el curso de ImPACT! Es necesario que esta metodolog\u00eda se...<\/p><a href=\"https:\/\/www.abaula.cat\/es\/curso-de-impact\/\" class=\"read-more-post\">Read more<\/a>\t\t\n\t\t\t\t\t\t<\/div>\n\t\t\t\t\t\t\n\t\t\t\t\t<\/div>\n\t\t\t\t<\/div>\n\t\t\t<\/div>\n\t\t<\/div>\t\n\t\t\t\t\t\t\t\n\t\t\t\t<div class=\"item\">\n\n\t\t\t<div class=\"blog-item-inner\">\n\t\t\t\t\n\t\t\t\t\t\t\t\t<div class=\"blog-post-thumbnail\">\n\t\t\t\t\t<div class=\"member-image-holder\">\n\t\t\t\t\t\t\n\t<div class=\"blog-extra-meta\">\n\t\t<div class=\"extra-meta-item extra-meta-date\">\n\t\t\t<span class=\"vntd-day\">22<\/span><span class=\"vntd-month\">Feb<\/span>\t\t<\/div>\n\t<\/div>\n\n\t\t\t\t\t\t\t<a href=\"https:\/\/www.abaula.cat\/es\/inicio-curso-impact\/\">\n\t\t\t\t\t\t<img decoding=\"async\" src=\"https:\/\/www.abaula.cat\/wp-content\/uploads\/2019\/03\/t2-450x340.jpg\" alt=\"Inicio curso ImPACT\">\n\t\t\t\t\t\t<div class=\"carousel-post-overlay\">\n\t\t\t\t\t\t\t<div class=\"fa fa-search\"><\/div>\n\t\t\t\t\t\t<\/div>\n\t\t\t\t\t\t<\/a>\n\t\t\t\t\t\t\n\t\t\t\t\t<\/div>\n\t\t\t\t<\/div>\n\t\t\t\t\n\t\t\t\t<div class=\"blog-post-details\">\n\t\t\t\t\n\t\t\t\t\t<div class=\"blog-post-details-inner\">\n\t\t\t\t\t\t\t\t\t\t\t\t<h5 class=\"blog-post-title\">\n\t\t\t\t\t\t\t<a href=\"https:\/\/www.abaula.cat\/es\/inicio-curso-impact\/\">\n\t\t\t\t\t\t\tInicio curso ImPACT\t\t\t\t\t\t\t<\/a>\n\t\t\t\t\t\t<\/h5>\n\t\t\t\t\t\t\n\t\t\t\t\t\t\t<div class=\"vntd-meta-section classic-meta-section\">\n\t\t\t\t<span class=\"vntd-meta-author\">\n\t\t\tBy:\n\t\t\t<a href=\"https:\/\/www.abaula.cat\/es\/author\/abaula\/\">\n\t\t\t\tAbaula\t\t\t<\/a>\n\t\t<\/span>\n\t\t\t\t<span class=\"vntd-meta-date\">\n\t\t\tOn:\n\t\t\t<span class=\"meta-value\">22\/02\/2019<\/span>\n\t\t<\/span>\n\t\t\t\t<span class=\"vntd-meta-categories\">\n\t\t\tIn:\n\t\t\t<a href=\"https:\/\/www.abaula.cat\/es\/category\/cursoimpact-es\/\" rel=\"category tag\">CursoImPACT<\/a>\t\t<\/span>\n\t\t\t\t<span class=\"vntd-meta-comments\">\n\t\t\tComments:\n\t\t\t<a href=\"https:\/\/www.abaula.cat\/es\/inicio-curso-impact\/#comments\" title=\"View comments\">0<\/a>\n\t\t<\/span>\n\t\t\t<\/div>\n\t\t\t\t\t\n\t\t\t\t\t\t<div class=\"details\">\n\t\t\t\t\t\t\t<p>Empezamos el curso de ImPACT (*Improving Parents as Communication Teachers). Objetivo = empoderar a la fam\u00edlia...<\/p><a href=\"https:\/\/www.abaula.cat\/es\/inicio-curso-impact\/\" class=\"read-more-post\">Read more<\/a>\t\t\n\t\t\t\t\t\t<\/div>\n\t\t\t\t\t\t\n\t\t\t\t\t<\/div>\n\t\t\t\t<\/div>\n\t\t\t<\/div>\n\t\t<\/div>\t\n\t\t\t\t\t\t\t\n\t\t\t\t<div class=\"item\">\n\n\t\t\t<div class=\"blog-item-inner\">\n\t\t\t\t\n\t\t\t\t\t\t\t\t<div class=\"blog-post-thumbnail\">\n\t\t\t\t\t<div class=\"member-image-holder\">\n\t\t\t\t\t\t\n\t<div class=\"blog-extra-meta\">\n\t\t<div class=\"extra-meta-item extra-meta-date\">\n\t\t\t<span class=\"vntd-day\">19<\/span><span class=\"vntd-month\">Feb<\/span>\t\t<\/div>\n\t<\/div>\n\n\t\t\t\t\t\t\t<a href=\"https:\/\/www.abaula.cat\/es\/formacio-programa-impact\/\">\n\t\t\t\t\t\t<img decoding=\"async\" src=\"https:\/\/www.abaula.cat\/wp-content\/uploads\/2019\/03\/t3-450x340.png\" alt=\"Formaci\u00f3n programa ImPACT\">\n\t\t\t\t\t\t<div class=\"carousel-post-overlay\">\n\t\t\t\t\t\t\t<div class=\"fa fa-search\"><\/div>\n\t\t\t\t\t\t<\/div>\n\t\t\t\t\t\t<\/a>\n\t\t\t\t\t\t\n\t\t\t\t\t<\/div>\n\t\t\t\t<\/div>\n\t\t\t\t\n\t\t\t\t<div class=\"blog-post-details\">\n\t\t\t\t\n\t\t\t\t\t<div class=\"blog-post-details-inner\">\n\t\t\t\t\t\t\t\t\t\t\t\t<h5 class=\"blog-post-title\">\n\t\t\t\t\t\t\t<a href=\"https:\/\/www.abaula.cat\/es\/formacio-programa-impact\/\">\n\t\t\t\t\t\t\tFormaci\u00f3n programa ImPACT\t\t\t\t\t\t\t<\/a>\n\t\t\t\t\t\t<\/h5>\n\t\t\t\t\t\t\n\t\t\t\t\t\t\t<div class=\"vntd-meta-section classic-meta-section\">\n\t\t\t\t<span class=\"vntd-meta-author\">\n\t\t\tBy:\n\t\t\t<a href=\"https:\/\/www.abaula.cat\/es\/author\/abaula\/\">\n\t\t\t\tAbaula\t\t\t<\/a>\n\t\t<\/span>\n\t\t\t\t<span class=\"vntd-meta-date\">\n\t\t\tOn:\n\t\t\t<span class=\"meta-value\">19\/02\/2019<\/span>\n\t\t<\/span>\n\t\t\t\t<span class=\"vntd-meta-categories\">\n\t\t\tIn:\n\t\t\t<a href=\"https:\/\/www.abaula.cat\/es\/category\/cursoimpact-es\/\" rel=\"category tag\">CursoImPACT<\/a>\t\t<\/span>\n\t\t\t\t<span class=\"vntd-meta-comments\">\n\t\t\tComments:\n\t\t\t<a href=\"https:\/\/www.abaula.cat\/es\/formacio-programa-impact\/#comments\" title=\"View comments\">0<\/a>\n\t\t<\/span>\n\t\t\t<\/div>\n\t\t\t\t\t\n\t\t\t\t\t\t<div class=\"details\">\n\t\t\t\t\t\t\t<p>El pr\u00f3ximo fin de semana Equip ADN viaja a Madrid para formarse en el programa #Impact....<\/p><a href=\"https:\/\/www.abaula.cat\/es\/formacio-programa-impact\/\" class=\"read-more-post\">Read more<\/a>\t\t\n\t\t\t\t\t\t<\/div>\n\t\t\t\t\t\t\n\t\t\t\t\t<\/div>\n\t\t\t\t<\/div>\n\t\t\t<\/div>\n\t\t<\/div>\t\n\t\t\t\t\t\t\t\n\t\t<\/div><\/div>[\/vc_column][\/vc_row]<\/p>\n","protected":false},"excerpt":{"rendered":"<p>[vc_row][vc_column][\/vc_column][\/vc_row][vc_row full_width=&#8221;stretch_row_content_no_spaces&#8221;][vc_column][\/vc_column][\/vc_row][vc_row full_width=&#8221;stretch_row&#8221; css=&#8221;.vc_custom_1594411049292{border-bottom-width: 1px !important;border-bottom-color: #ebebeb !important;border-bottom-style: solid !important;}&#8221;][vc_column el_class=&#8221;bread&#8221;][vc_raw_html el_class=&#8221;prova&#8221;]JTVCd3BzZW9fYnJlYWRjcnVtYiU1RA==[\/vc_raw_html][\/vc_column][\/vc_row][vc_row][vc_column width=&#8221;1\/3&#8243;][vc_empty_space el_class=&#8221;only-desktop&#8221;][vc_widget_sidebar sidebar_id=&#8221;sidebar_professionals&#8221; el_class=&#8221;giny only-desktop&#8221;][\/vc_column][vc_column width=&#8221;2\/3&#8243;][vc_empty_space el_class=&#8221;only-desktop&#8221;][vc_column_text el_class=&#8221;titolsprincipals&#8221;] Coordinaci\u00f3n con otros profesionales [\/vc_column_text][vc_zigzag css=&#8221;.vc_custom_1594407794528{padding-top: 10px !important;padding-bottom: 10px !important;}&#8221;][vc_column_text el_class=&#8221;prova&#8221;]Las coordinaciones con otros profesionales consisten en reuniones presenciales y un seguimiento mediante correo electr\u00f3nico o tel\u00e9fono. El objetivo principal [&hellip;]<\/p>\n","protected":false},"author":1,"featured_media":0,"parent":6167,"menu_order":0,"comment_status":"closed","ping_status":"closed","template":"","meta":{"footnotes":""},"class_list":["post-6171","page","type-page","status-publish","hentry"],"yoast_head":"<!-- This site is optimized with the Yoast SEO plugin v14.5 - https:\/\/yoast.com\/wordpress\/plugins\/seo\/ -->\n<title>Coordinaci\u00f3n con otros profesionales - AD Iniciatives Socials<\/title>\n<meta name=\"robots\" content=\"index, follow\" \/>\n<meta name=\"googlebot\" content=\"index, follow, max-snippet:-1, max-image-preview:large, max-video-preview:-1\" \/>\n<meta name=\"bingbot\" content=\"index, follow, max-snippet:-1, max-image-preview:large, max-video-preview:-1\" \/>\n<link rel=\"canonical\" href=\"https:\/\/www.abaula.cat\/es\/que-ofrecemos\/coordinacion-con-otros-profesionales\/\" \/>\n<meta property=\"og:locale\" content=\"es_ES\" \/>\n<meta property=\"og:type\" content=\"article\" \/>\n<meta property=\"og:title\" content=\"Coordinaci\u00f3n con otros profesionales - AD Iniciatives Socials\" \/>\n<meta property=\"og:description\" content=\"[vc_row][vc_column][\/vc_column][\/vc_row][vc_row full_width=&#8221;stretch_row_content_no_spaces&#8221;][vc_column][\/vc_column][\/vc_row][vc_row full_width=&#8221;stretch_row&#8221; css=&#8221;.vc_custom_1594411049292{border-bottom-width: 1px !important;border-bottom-color: #ebebeb !important;border-bottom-style: solid !important;}&#8221;][vc_column el_class=&#8221;bread&#8221;][vc_raw_html el_class=&#8221;prova&#8221;]JTVCd3BzZW9fYnJlYWRjcnVtYiU1RA==[\/vc_raw_html][\/vc_column][\/vc_row][vc_row][vc_column width=&#8221;1\/3&#8243;][vc_empty_space el_class=&#8221;only-desktop&#8221;][vc_widget_sidebar sidebar_id=&#8221;sidebar_professionals&#8221; el_class=&#8221;giny only-desktop&#8221;][\/vc_column][vc_column width=&#8221;2\/3&#8243;][vc_empty_space el_class=&#8221;only-desktop&#8221;][vc_column_text el_class=&#8221;titolsprincipals&#8221;] Coordinaci\u00f3n con otros profesionales [\/vc_column_text][vc_zigzag css=&#8221;.vc_custom_1594407794528{padding-top: 10px !important;padding-bottom: 10px !important;}&#8221;][vc_column_text el_class=&#8221;prova&#8221;]Las coordinaciones con otros profesionales consisten en reuniones presenciales y un seguimiento mediante correo electr\u00f3nico o tel\u00e9fono. El objetivo principal [&hellip;]\" \/>\n<meta property=\"og:url\" content=\"https:\/\/www.abaula.cat\/es\/que-ofrecemos\/coordinacion-con-otros-profesionales\/\" \/>\n<meta property=\"og:site_name\" content=\"AD Iniciatives Socials\" \/>\n<meta property=\"article:modified_time\" content=\"2020-07-20T08:18:32+00:00\" \/>\n<meta name=\"twitter:card\" content=\"summary_large_image\" \/>\n<script type=\"application\/ld+json\" class=\"yoast-schema-graph\">{\"@context\":\"https:\/\/schema.org\",\"@graph\":[{\"@type\":\"Organization\",\"@id\":\"https:\/\/www.abaula.cat\/es\/#organization\",\"name\":\"ABAULA\",\"url\":\"https:\/\/www.abaula.cat\/es\/\",\"sameAs\":[],\"logo\":{\"@type\":\"ImageObject\",\"@id\":\"https:\/\/www.abaula.cat\/es\/#logo\",\"inLanguage\":\"es\",\"url\":\"https:\/\/www.abaula.cat\/wp-content\/uploads\/2020\/07\/logo-red.png\",\"width\":285,\"height\":80,\"caption\":\"ABAULA\"},\"image\":{\"@id\":\"https:\/\/www.abaula.cat\/es\/#logo\"}},{\"@type\":\"WebSite\",\"@id\":\"https:\/\/www.abaula.cat\/es\/#website\",\"url\":\"https:\/\/www.abaula.cat\/es\/\",\"name\":\"AD Iniciatives Socials\",\"description\":\"\",\"publisher\":{\"@id\":\"https:\/\/www.abaula.cat\/es\/#organization\"},\"potentialAction\":[{\"@type\":\"SearchAction\",\"target\":\"https:\/\/www.abaula.cat\/es\/?s={search_term_string}\",\"query-input\":\"required name=search_term_string\"}],\"inLanguage\":\"es\"},{\"@type\":\"WebPage\",\"@id\":\"https:\/\/www.abaula.cat\/es\/que-ofrecemos\/coordinacion-con-otros-profesionales\/#webpage\",\"url\":\"https:\/\/www.abaula.cat\/es\/que-ofrecemos\/coordinacion-con-otros-profesionales\/\",\"name\":\"Coordinaci\\u00f3n con otros profesionales - AD Iniciatives Socials\",\"isPartOf\":{\"@id\":\"https:\/\/www.abaula.cat\/es\/#website\"},\"datePublished\":\"2020-07-10T18:24:16+00:00\",\"dateModified\":\"2020-07-20T08:18:32+00:00\",\"breadcrumb\":{\"@id\":\"https:\/\/www.abaula.cat\/es\/que-ofrecemos\/coordinacion-con-otros-profesionales\/#breadcrumb\"},\"inLanguage\":\"es\",\"potentialAction\":[{\"@type\":\"ReadAction\",\"target\":[\"https:\/\/www.abaula.cat\/es\/que-ofrecemos\/coordinacion-con-otros-profesionales\/\"]}]},{\"@type\":\"BreadcrumbList\",\"@id\":\"https:\/\/www.abaula.cat\/es\/que-ofrecemos\/coordinacion-con-otros-profesionales\/#breadcrumb\",\"itemListElement\":[{\"@type\":\"ListItem\",\"position\":1,\"item\":{\"@type\":\"WebPage\",\"@id\":\"https:\/\/www.abaula.cat\/es\/\",\"url\":\"https:\/\/www.abaula.cat\/es\/\",\"name\":\"Inici\"}},{\"@type\":\"ListItem\",\"position\":2,\"item\":{\"@type\":\"WebPage\",\"@id\":\"https:\/\/www.abaula.cat\/es\/que-ofrecemos\/\",\"url\":\"https:\/\/www.abaula.cat\/es\/que-ofrecemos\/\",\"name\":\"Qu\\u00e9 ofrecemos\"}},{\"@type\":\"ListItem\",\"position\":3,\"item\":{\"@type\":\"WebPage\",\"@id\":\"https:\/\/www.abaula.cat\/es\/que-ofrecemos\/coordinacion-con-otros-profesionales\/\",\"url\":\"https:\/\/www.abaula.cat\/es\/que-ofrecemos\/coordinacion-con-otros-profesionales\/\",\"name\":\"Coordinaci\\u00f3n con otros profesionales\"}}]}]}<\/script>\n<!-- \/ Yoast SEO plugin. -->","_links":{"self":[{"href":"https:\/\/www.abaula.cat\/es\/wp-json\/wp\/v2\/pages\/6171","targetHints":{"allow":["GET"]}}],"collection":[{"href":"https:\/\/www.abaula.cat\/es\/wp-json\/wp\/v2\/pages"}],"about":[{"href":"https:\/\/www.abaula.cat\/es\/wp-json\/wp\/v2\/types\/page"}],"author":[{"embeddable":true,"href":"https:\/\/www.abaula.cat\/es\/wp-json\/wp\/v2\/users\/1"}],"replies":[{"embeddable":true,"href":"https:\/\/www.abaula.cat\/es\/wp-json\/wp\/v2\/comments?post=6171"}],"version-history":[{"count":2,"href":"https:\/\/www.abaula.cat\/es\/wp-json\/wp\/v2\/pages\/6171\/revisions"}],"predecessor-version":[{"id":6241,"href":"https:\/\/www.abaula.cat\/es\/wp-json\/wp\/v2\/pages\/6171\/revisions\/6241"}],"up":[{"embeddable":true,"href":"https:\/\/www.abaula.cat\/es\/wp-json\/wp\/v2\/pages\/6167"}],"wp:attachment":[{"href":"https:\/\/www.abaula.cat\/es\/wp-json\/wp\/v2\/media?parent=6171"}],"curies":[{"name":"wp","href":"https:\/\/api.w.org\/{rel}","templated":true}]}}