{"id":6166,"date":"2019-03-21T12:33:24","date_gmt":"2019-03-21T10:33:24","guid":{"rendered":"https:\/\/www.abaula.cat\/proteccio-de-dades\/"},"modified":"2020-07-20T09:49:20","modified_gmt":"2020-07-20T07:49:20","slug":"proteccion-de-datos","status":"publish","type":"page","link":"https:\/\/www.abaula.cat\/es\/proteccion-de-datos\/","title":{"rendered":"Protecci\u00f3n de datos"},"content":{"rendered":"<p>[vc_row full_width=&#8221;stretch_row_content_no_spaces&#8221;][vc_column]<link href=\"https:\/\/fonts.googleapis.com\/css?family=Raleway:700\" rel=\"stylesheet\" property=\"stylesheet\" type=\"text\/css\" media=\"all\">\n<div id=\"rev_slider_33_1_wrapper\" class=\"rev_slider_wrapper fullwidthbanner-container\" data-source=\"gallery\" style=\"margin:0px auto;background:transparent;padding:0px;margin-top:0px;margin-bottom:0px;\">\n<!-- START REVOLUTION SLIDER 5.4.8.2 fullwidth mode -->\n\t<div id=\"rev_slider_33_1\" class=\"rev_slider fullwidthabanner\" style=\"display:none;\" data-version=\"5.4.8.2\">\n<ul>\t<!-- SLIDE  -->\n\t<li data-index=\"rs-47\" data-transition=\"fade\" data-slotamount=\"default\" data-hideafterloop=\"0\" data-hideslideonmobile=\"off\"  data-easein=\"default\" data-easeout=\"default\" data-masterspeed=\"300\"  data-rotate=\"0\"  data-saveperformance=\"off\"  data-title=\"Slide\" data-param1=\"\" data-param2=\"\" data-param3=\"\" data-param4=\"\" data-param5=\"\" data-param6=\"\" data-param7=\"\" data-param8=\"\" data-param9=\"\" data-param10=\"\" data-description=\"\">\n\t\t<!-- MAIN IMAGE -->\n\t\t<img loading=\"lazy\" decoding=\"async\" src=\"https:\/\/www.abaula.cat\/wp-content\/uploads\/2020\/07\/title-abaula.jpg\"  alt=\"\" title=\"title-abaula\"  width=\"1800\" height=\"1030\" data-bgposition=\"center center\" data-bgfit=\"cover\" data-bgrepeat=\"no-repeat\" class=\"rev-slidebg\" data-no-retina>\n\t\t<!-- LAYERS -->\n\n\t\t<!-- LAYER NR. 1 -->\n\t\t<div class=\"tp-caption   tp-resizeme\" \n\t\t\t id=\"slide-47-layer-3\" \n\t\t\t data-x=\"center\" data-hoffset=\"-30\" \n\t\t\t data-y=\"91\" \n\t\t\t\t\t\tdata-width=\"['auto']\"\n\t\t\tdata-height=\"['auto']\"\n \n\t\t\tdata-type=\"text\" \n\t\t\tdata-responsive_offset=\"on\" \n\n\t\t\tdata-frames='[{\"delay\":10,\"speed\":300,\"frame\":\"0\",\"from\":\"opacity:0;\",\"to\":\"o:1;\",\"ease\":\"Power3.easeInOut\"},{\"delay\":\"wait\",\"speed\":300,\"frame\":\"999\",\"to\":\"opacity:0;\",\"ease\":\"Power3.easeInOut\"}]'\n\t\t\tdata-textAlign=\"['inherit','inherit','inherit','inherit']\"\n\t\t\tdata-paddingtop=\"[0,0,0,0]\"\n\t\t\tdata-paddingright=\"[0,0,0,0]\"\n\t\t\tdata-paddingbottom=\"[0,0,0,0]\"\n\t\t\tdata-paddingleft=\"[0,0,0,0]\"\n\n\t\t\tstyle=\"z-index: 6; white-space: nowrap; font-size: 30px; line-height: 22px; font-weight: 700; color: #ffffff; letter-spacing: 0px;font-family:Raleway;\">Protecci\u00f3n de datos <\/div>\n\t<\/li>\n<\/ul>\n<div class=\"tp-bannertimer tp-bottom\" style=\"visibility: hidden !important;\"><\/div>\t<\/div>\n<script>var htmlDiv = document.getElementById(\"rs-plugin-settings-inline-css\"); var htmlDivCss=\"\";\r\n\t\t\t\tif(htmlDiv) {\r\n\t\t\t\t\thtmlDiv.innerHTML = htmlDiv.innerHTML + htmlDivCss;\r\n\t\t\t\t}else{\r\n\t\t\t\t\tvar htmlDiv = document.createElement(\"div\");\r\n\t\t\t\t\thtmlDiv.innerHTML = \"<style>\" + htmlDivCss + \"<\/style>\";\r\n\t\t\t\t\tdocument.getElementsByTagName(\"head\")[0].appendChild(htmlDiv.childNodes[0]);\r\n\t\t\t\t}\r\n\t\t\t<\/script>\n\t\t<script type=\"text\/javascript\">\r\nif (setREVStartSize!==undefined) setREVStartSize(\r\n\t{c: '#rev_slider_33_1', gridwidth: [1903], gridheight: [175], sliderLayout: 'fullwidth'});\r\n\t\t\t\r\nvar revapi33,\r\n\ttpj;\t\r\n(function() {\t\t\t\r\n\tif (!\/loaded|interactive|complete\/.test(document.readyState)) document.addEventListener(\"DOMContentLoaded\",onLoad); else onLoad();\t\r\n\tfunction onLoad() {\t\t\t\t\r\n\t\tif (tpj===undefined) { tpj = jQuery; if(\"off\" == \"on\") tpj.noConflict();}\r\n\tif(tpj(\"#rev_slider_33_1\").revolution == undefined){\n\t\trevslider_showDoubleJqueryError(\"#rev_slider_33_1\");\n\t}else{\n\t\trevapi33 = tpj(\"#rev_slider_33_1\").show().revolution({\n\t\t\tsliderType:\"standard\",\n\t\t\tjsFileLocation:\"\/\/www.abaula.cat\/wp-content\/plugins\/revslider\/public\/assets\/js\/\",\n\t\t\tsliderLayout:\"fullwidth\",\n\t\t\tdottedOverlay:\"none\",\n\t\t\tdelay:9000,\n\t\t\tnavigation: {\n\t\t\t\tonHoverStop:\"off\",\n\t\t\t},\n\t\t\tvisibilityLevels:[1240,1024,778,480],\n\t\t\tgridwidth:1903,\n\t\t\tgridheight:175,\n\t\t\tlazyType:\"none\",\n\t\t\tshadow:0,\n\t\t\tspinner:\"off\",\n\t\t\tstopLoop:\"off\",\n\t\t\tstopAfterLoops:-1,\n\t\t\tstopAtSlide:-1,\n\t\t\tshuffle:\"off\",\n\t\t\tautoHeight:\"off\",\n\t\t\tdisableProgressBar:\"on\",\n\t\t\thideThumbsOnMobile:\"off\",\n\t\t\thideSliderAtLimit:0,\n\t\t\thideCaptionAtLimit:0,\n\t\t\thideAllCaptionAtLilmit:0,\n\t\t\tdebugMode:false,\n\t\t\tfallbacks: {\n\t\t\t\tsimplifyAll:\"off\",\n\t\t\t\tnextSlideOnWindowFocus:\"off\",\n\t\t\t\tdisableFocusListener:false,\n\t\t\t}\n\t\t});\n\t}; \/* END OF revapi call *\/\n\t\n }; \/* END OF ON LOAD FUNCTION *\/\r\n}()); \/* END OF WRAPPING FUNCTION *\/\r\n<\/script>\r\n\t\t<\/div><!-- END REVOLUTION SLIDER -->[\/vc_column][\/vc_row][vc_row full_width=&#8221;stretch_row&#8221; css=&#8221;.vc_custom_1594411049292{border-bottom-width: 1px !important;border-bottom-color: #ebebeb !important;border-bottom-style: solid !important;}&#8221;][vc_column el_class=&#8221;bread&#8221;][vc_raw_html el_class=&#8221;prova&#8221;]JTVCd3BzZW9fYnJlYWRjcnVtYiU1RA==[\/vc_raw_html][\/vc_column][\/vc_row][vc_row][vc_column][vc_empty_space][vc_column_text el_class=&#8221;textos&#8221;]Cuando precisemos obtener informaci\u00f3n por parte tuya, siempre te pediremos que nos la proporcione voluntariamente de forma expresa. Los datos recabados a trav\u00e9s de los formularios de recogida de datos del sitio web u otras v\u00edas ser\u00e1n incorporados a un fichero de datos de car\u00e1cter personal, del cual es responsable AD Iniciativas Sociales. Esta entidad tratar\u00e1 los datos de forma confidencial y con la finalidad exclusiva de ofrecer los servicios solicitados, con todas las garant\u00edas legales y de seguridad que impone la Ley Org\u00e1nica 15\/1999, de 13 de diciembre, de Protecci\u00f3n de Datos de Car\u00e1cter personal, el Reglamento (UE) 2016\/679 del Parlamento Europeo y del Consejo de 27 de abril de 2016 (RGPD) y la Ley 34\/2002, de 11 de julio, de Servicios de la Sociedad de la Informaci\u00f3n y Comercio Electr\u00f3nico. EL PROPIETARIO DE LA WEB se compromete a no ceder, vender, ni compartir los datos con terceros sin su aprobaci\u00f3n expresa. Asimismo, AD Iniciativas Sociales cancelar\u00e1 o rectificar\u00e1 los datos cuando resulten inexactos, incompletos o hayan dejado de ser necesarios o pertinentes para su finalidad, de conformidad con lo previsto en la Ley Org\u00e1nica 15\/1999, de 13 de diciembre, de Protecci\u00f3n de Datos de Car\u00e1cter Personal. El usuario podr\u00e1 revocar el consentimiento prestado y ejercer los derechos de acceso, rectificaci\u00f3n, limitaci\u00f3n del tratamiento, portabilidad, cancelaci\u00f3n y oposici\u00f3n dirigi\u00e9ndose al domicilio social de AD Iniciativas Sociales, situado en la C \/ Joan Alsina 3,2n, 17003 Girona, identificando debidamente e indicando de forma visible el concreto derecho que se ejerce. EL PROPIETARIO DE LA WEB adopta los niveles de seguridad correspondientes requeridos por la citada Ley Org\u00e1nica 15\/1999 y dem\u00e1s normativa aplicable. Sin embargo, no asume ninguna responsabilidad por los da\u00f1os y perjuicios derivados de alteraciones que terceros pueden causar en los sistemas inform\u00e1ticos, documentos electr\u00f3nicos o ficheros del usuario.<\/p>\n<p>EL PROPIETARIO DE LA WEB podr\u00e1 utilizar cookies durante la prestaci\u00f3n de servicios del sitio web. Las cookies son ficheros f\u00edsicos de informaci\u00f3n personal alojados en el propio terminal del usuario. El usuario tiene la posibilidad de configurar su programa navegador de manera que se impida la creaci\u00f3n de archivos cookies o se advierta de la misma. Si optas a abandonar nuestro sitio web a trav\u00e9s de enlaces a sitios web no pertenecientes a nuestra entidad, EL PROPIETARIO DE LA WEB no se har\u00e1 responsable de las pol\u00edticas de privacidad de estos sitios web ni de las cookies que estos puedan almacenar en el ordenador del usuario. Nuestra pol\u00edtica con respecto al correo electr\u00f3nico se centra en remitir \u00fanicamente comunicaciones que hayas solicitado recibir. Si prefieres no recibir estos mensajes por correo electr\u00f3nico, te ofreceremos, a trav\u00e9s de los mismos, la posibilidad de ejercer tu derecho de cancelaci\u00f3n y renuncia a la recepci\u00f3n de estos mensajes, de conformidad con lo dispuesto en el T\u00edtulo III, art\u00edculo 22, de la Ley 34\/2002 de Servicios para la Sociedad de la Informaci\u00f3n y de Comercio Electr\u00f3nico.[\/vc_column_text][vc_empty_space height=&#8221;10px&#8221;][vc_column_text el_class=&#8221;textosh3&#8243;]<\/p>\n<h3>Procedimiento en caso de realizaci\u00f3n de actividades de car\u00e1cter il\u00edcito<\/h3>\n<p>[\/vc_column_text][vc_column_text el_class=&#8221;textos&#8221;]En caso de que cualquier usuario o un tercero considere que existen hechos o circunstancias que revelen el car\u00e1cter il\u00edcito de la utilizaci\u00f3n de cualquier contenido y \/ o de la realizaci\u00f3n de cualquier actividad en las p\u00e1ginas web incluidas o accesibles a trav\u00e9s del sitio web, deber\u00e1 enviar una notificaci\u00f3n a EL PROPIETARIO DE LA WEB identific\u00e1ndose debidamente, especificando las supuestas infracciones y declarando expresamente, y bajo su responsabilidad, que la informaci\u00f3n proporcionada en la notificaci\u00f3n es exacta. Para toda cuesti\u00f3n litigiosa que incumba al sitio web de EL PROPIETARIO DE LA WEB, ser\u00e1 de aplicaci\u00f3n la legislaci\u00f3n espa\u00f1ola, siendo competentes los Juzgados y Tribunales correspondientes.[\/vc_column_text][\/vc_column][\/vc_row]<\/p>\n","protected":false},"excerpt":{"rendered":"<p>[vc_row full_width=&#8221;stretch_row_content_no_spaces&#8221;][vc_column][\/vc_column][\/vc_row][vc_row full_width=&#8221;stretch_row&#8221; css=&#8221;.vc_custom_1594411049292{border-bottom-width: 1px !important;border-bottom-color: #ebebeb !important;border-bottom-style: solid !important;}&#8221;][vc_column el_class=&#8221;bread&#8221;][vc_raw_html el_class=&#8221;prova&#8221;]JTVCd3BzZW9fYnJlYWRjcnVtYiU1RA==[\/vc_raw_html][\/vc_column][\/vc_row][vc_row][vc_column][vc_empty_space][vc_column_text el_class=&#8221;textos&#8221;]Cuando precisemos obtener informaci\u00f3n por parte tuya, siempre te pediremos que nos la proporcione voluntariamente de forma expresa. Los datos recabados a trav\u00e9s de los formularios de recogida de datos del sitio web u otras v\u00edas ser\u00e1n incorporados [&hellip;]<\/p>\n","protected":false},"author":3,"featured_media":0,"parent":0,"menu_order":0,"comment_status":"closed","ping_status":"closed","template":"","meta":{"footnotes":""},"class_list":["post-6166","page","type-page","status-publish","hentry"],"yoast_head":"<!-- This site is optimized with the Yoast SEO plugin v14.5 - https:\/\/yoast.com\/wordpress\/plugins\/seo\/ -->\n<title>Protecci\u00f3n de datos - AD Iniciatives Socials<\/title>\n<meta name=\"robots\" content=\"index, follow\" \/>\n<meta name=\"googlebot\" content=\"index, follow, max-snippet:-1, max-image-preview:large, max-video-preview:-1\" \/>\n<meta name=\"bingbot\" content=\"index, follow, max-snippet:-1, max-image-preview:large, max-video-preview:-1\" \/>\n<link rel=\"canonical\" href=\"https:\/\/www.abaula.cat\/es\/proteccion-de-datos\/\" \/>\n<meta property=\"og:locale\" content=\"es_ES\" \/>\n<meta property=\"og:type\" content=\"article\" \/>\n<meta property=\"og:title\" content=\"Protecci\u00f3n de datos - AD Iniciatives Socials\" \/>\n<meta property=\"og:description\" content=\"[vc_row full_width=&#8221;stretch_row_content_no_spaces&#8221;][vc_column][\/vc_column][\/vc_row][vc_row full_width=&#8221;stretch_row&#8221; css=&#8221;.vc_custom_1594411049292{border-bottom-width: 1px !important;border-bottom-color: #ebebeb !important;border-bottom-style: solid !important;}&#8221;][vc_column el_class=&#8221;bread&#8221;][vc_raw_html el_class=&#8221;prova&#8221;]JTVCd3BzZW9fYnJlYWRjcnVtYiU1RA==[\/vc_raw_html][\/vc_column][\/vc_row][vc_row][vc_column][vc_empty_space][vc_column_text el_class=&#8221;textos&#8221;]Cuando precisemos obtener informaci\u00f3n por parte tuya, siempre te pediremos que nos la proporcione voluntariamente de forma expresa. Los datos recabados a trav\u00e9s de los formularios de recogida de datos del sitio web u otras v\u00edas ser\u00e1n incorporados [&hellip;]\" \/>\n<meta property=\"og:url\" content=\"https:\/\/www.abaula.cat\/es\/proteccion-de-datos\/\" \/>\n<meta property=\"og:site_name\" content=\"AD Iniciatives Socials\" \/>\n<meta property=\"article:modified_time\" content=\"2020-07-20T07:49:20+00:00\" \/>\n<meta name=\"twitter:card\" content=\"summary_large_image\" \/>\n<script type=\"application\/ld+json\" class=\"yoast-schema-graph\">{\"@context\":\"https:\/\/schema.org\",\"@graph\":[{\"@type\":\"Organization\",\"@id\":\"https:\/\/www.abaula.cat\/es\/#organization\",\"name\":\"ABAULA\",\"url\":\"https:\/\/www.abaula.cat\/es\/\",\"sameAs\":[],\"logo\":{\"@type\":\"ImageObject\",\"@id\":\"https:\/\/www.abaula.cat\/es\/#logo\",\"inLanguage\":\"es\",\"url\":\"https:\/\/www.abaula.cat\/wp-content\/uploads\/2020\/07\/logo-red.png\",\"width\":285,\"height\":80,\"caption\":\"ABAULA\"},\"image\":{\"@id\":\"https:\/\/www.abaula.cat\/es\/#logo\"}},{\"@type\":\"WebSite\",\"@id\":\"https:\/\/www.abaula.cat\/es\/#website\",\"url\":\"https:\/\/www.abaula.cat\/es\/\",\"name\":\"AD Iniciatives Socials\",\"description\":\"\",\"publisher\":{\"@id\":\"https:\/\/www.abaula.cat\/es\/#organization\"},\"potentialAction\":[{\"@type\":\"SearchAction\",\"target\":\"https:\/\/www.abaula.cat\/es\/?s={search_term_string}\",\"query-input\":\"required name=search_term_string\"}],\"inLanguage\":\"es\"},{\"@type\":\"WebPage\",\"@id\":\"https:\/\/www.abaula.cat\/es\/proteccion-de-datos\/#webpage\",\"url\":\"https:\/\/www.abaula.cat\/es\/proteccion-de-datos\/\",\"name\":\"Protecci\\u00f3n de datos - AD Iniciatives Socials\",\"isPartOf\":{\"@id\":\"https:\/\/www.abaula.cat\/es\/#website\"},\"datePublished\":\"2019-03-21T10:33:24+00:00\",\"dateModified\":\"2020-07-20T07:49:20+00:00\",\"breadcrumb\":{\"@id\":\"https:\/\/www.abaula.cat\/es\/proteccion-de-datos\/#breadcrumb\"},\"inLanguage\":\"es\",\"potentialAction\":[{\"@type\":\"ReadAction\",\"target\":[\"https:\/\/www.abaula.cat\/es\/proteccion-de-datos\/\"]}]},{\"@type\":\"BreadcrumbList\",\"@id\":\"https:\/\/www.abaula.cat\/es\/proteccion-de-datos\/#breadcrumb\",\"itemListElement\":[{\"@type\":\"ListItem\",\"position\":1,\"item\":{\"@type\":\"WebPage\",\"@id\":\"https:\/\/www.abaula.cat\/es\/\",\"url\":\"https:\/\/www.abaula.cat\/es\/\",\"name\":\"Inici\"}},{\"@type\":\"ListItem\",\"position\":2,\"item\":{\"@type\":\"WebPage\",\"@id\":\"https:\/\/www.abaula.cat\/es\/proteccion-de-datos\/\",\"url\":\"https:\/\/www.abaula.cat\/es\/proteccion-de-datos\/\",\"name\":\"Protecci\\u00f3n de datos\"}}]}]}<\/script>\n<!-- \/ Yoast SEO plugin. -->","_links":{"self":[{"href":"https:\/\/www.abaula.cat\/es\/wp-json\/wp\/v2\/pages\/6166","targetHints":{"allow":["GET"]}}],"collection":[{"href":"https:\/\/www.abaula.cat\/es\/wp-json\/wp\/v2\/pages"}],"about":[{"href":"https:\/\/www.abaula.cat\/es\/wp-json\/wp\/v2\/types\/page"}],"author":[{"embeddable":true,"href":"https:\/\/www.abaula.cat\/es\/wp-json\/wp\/v2\/users\/3"}],"replies":[{"embeddable":true,"href":"https:\/\/www.abaula.cat\/es\/wp-json\/wp\/v2\/comments?post=6166"}],"version-history":[{"count":2,"href":"https:\/\/www.abaula.cat\/es\/wp-json\/wp\/v2\/pages\/6166\/revisions"}],"predecessor-version":[{"id":6205,"href":"https:\/\/www.abaula.cat\/es\/wp-json\/wp\/v2\/pages\/6166\/revisions\/6205"}],"wp:attachment":[{"href":"https:\/\/www.abaula.cat\/es\/wp-json\/wp\/v2\/media?parent=6166"}],"curies":[{"name":"wp","href":"https:\/\/api.w.org\/{rel}","templated":true}]}}