{"id":6157,"date":"2015-10-18T13:06:34","date_gmt":"2015-10-18T13:06:34","guid":{"rendered":"https:\/\/www.abaula.cat\/contacta\/"},"modified":"2021-04-20T12:10:55","modified_gmt":"2021-04-20T10:10:55","slug":"contacta","status":"publish","type":"page","link":"https:\/\/www.abaula.cat\/es\/contacta\/","title":{"rendered":"Contacta"},"content":{"rendered":"<p>[vc_row full_width=&#8221;stretch_row_content_no_spaces&#8221;][vc_column]<link href=\"https:\/\/fonts.googleapis.com\/css?family=Raleway:700\" rel=\"stylesheet\" property=\"stylesheet\" type=\"text\/css\" media=\"all\">\n<div id=\"rev_slider_22_1_wrapper\" class=\"rev_slider_wrapper fullwidthbanner-container\" data-source=\"gallery\" style=\"margin:0px auto;background:transparent;padding:0px;margin-top:0px;margin-bottom:0px;\">\n<!-- START REVOLUTION SLIDER 5.4.8.2 fullwidth mode -->\n\t<div id=\"rev_slider_22_1\" class=\"rev_slider fullwidthabanner\" style=\"display:none;\" data-version=\"5.4.8.2\">\n<ul>\t<!-- SLIDE  -->\n\t<li data-index=\"rs-32\" data-transition=\"fade\" data-slotamount=\"default\" data-hideafterloop=\"0\" data-hideslideonmobile=\"off\"  data-easein=\"default\" data-easeout=\"default\" data-masterspeed=\"300\"  data-rotate=\"0\"  data-saveperformance=\"off\"  data-title=\"Slide\" data-param1=\"\" data-param2=\"\" data-param3=\"\" data-param4=\"\" data-param5=\"\" data-param6=\"\" data-param7=\"\" data-param8=\"\" data-param9=\"\" data-param10=\"\" data-description=\"\">\n\t\t<!-- MAIN IMAGE -->\n\t\t<img loading=\"lazy\" decoding=\"async\" src=\"https:\/\/www.abaula.cat\/wp-content\/uploads\/2020\/07\/contact.jpg\"  alt=\"\" title=\"contact\"  width=\"2000\" height=\"841\" data-bgposition=\"center center\" data-bgfit=\"cover\" data-bgrepeat=\"no-repeat\" class=\"rev-slidebg\" data-no-retina>\n\t\t<!-- LAYERS -->\n\n\t\t<!-- LAYER NR. 1 -->\n\t\t<div class=\"tp-caption   tp-resizeme\" \n\t\t\t id=\"slide-32-layer-3\" \n\t\t\t data-x=\"center\" data-hoffset=\"-32\" \n\t\t\t data-y=\"89\" \n\t\t\t\t\t\tdata-width=\"['auto']\"\n\t\t\tdata-height=\"['auto']\"\n \n\t\t\tdata-type=\"text\" \n\t\t\tdata-responsive_offset=\"on\" \n\n\t\t\tdata-frames='[{\"delay\":10,\"speed\":300,\"frame\":\"0\",\"from\":\"opacity:0;\",\"to\":\"o:1;\",\"ease\":\"Power3.easeInOut\"},{\"delay\":\"wait\",\"speed\":300,\"frame\":\"999\",\"to\":\"opacity:0;\",\"ease\":\"Power3.easeInOut\"}]'\n\t\t\tdata-textAlign=\"['inherit','inherit','inherit','inherit']\"\n\t\t\tdata-paddingtop=\"[0,0,0,0]\"\n\t\t\tdata-paddingright=\"[0,0,0,0]\"\n\t\t\tdata-paddingbottom=\"[0,0,0,0]\"\n\t\t\tdata-paddingleft=\"[0,0,0,0]\"\n\n\t\t\tstyle=\"z-index: 5; white-space: nowrap; font-size: 30px; line-height: 22px; font-weight: 700; color: #ffffff; letter-spacing: 0px;font-family:Raleway;\">Contacto <\/div>\n\t<\/li>\n<\/ul>\n<div class=\"tp-bannertimer tp-bottom\" style=\"visibility: hidden !important;\"><\/div>\t<\/div>\n<script>var htmlDiv = document.getElementById(\"rs-plugin-settings-inline-css\"); var htmlDivCss=\"\";\r\n\t\t\t\tif(htmlDiv) {\r\n\t\t\t\t\thtmlDiv.innerHTML = htmlDiv.innerHTML + htmlDivCss;\r\n\t\t\t\t}else{\r\n\t\t\t\t\tvar htmlDiv = document.createElement(\"div\");\r\n\t\t\t\t\thtmlDiv.innerHTML = \"<style>\" + htmlDivCss + \"<\/style>\";\r\n\t\t\t\t\tdocument.getElementsByTagName(\"head\")[0].appendChild(htmlDiv.childNodes[0]);\r\n\t\t\t\t}\r\n\t\t\t<\/script>\n\t\t<script type=\"text\/javascript\">\r\nif (setREVStartSize!==undefined) setREVStartSize(\r\n\t{c: '#rev_slider_22_1', gridwidth: [1903], gridheight: [175], sliderLayout: 'fullwidth'});\r\n\t\t\t\r\nvar revapi22,\r\n\ttpj;\t\r\n(function() {\t\t\t\r\n\tif (!\/loaded|interactive|complete\/.test(document.readyState)) document.addEventListener(\"DOMContentLoaded\",onLoad); else onLoad();\t\r\n\tfunction onLoad() {\t\t\t\t\r\n\t\tif (tpj===undefined) { tpj = jQuery; if(\"off\" == \"on\") tpj.noConflict();}\r\n\tif(tpj(\"#rev_slider_22_1\").revolution == undefined){\n\t\trevslider_showDoubleJqueryError(\"#rev_slider_22_1\");\n\t}else{\n\t\trevapi22 = tpj(\"#rev_slider_22_1\").show().revolution({\n\t\t\tsliderType:\"standard\",\n\t\t\tjsFileLocation:\"\/\/www.abaula.cat\/wp-content\/plugins\/revslider\/public\/assets\/js\/\",\n\t\t\tsliderLayout:\"fullwidth\",\n\t\t\tdottedOverlay:\"none\",\n\t\t\tdelay:9000,\n\t\t\tnavigation: {\n\t\t\t\tonHoverStop:\"off\",\n\t\t\t},\n\t\t\tvisibilityLevels:[1240,1024,778,480],\n\t\t\tgridwidth:1903,\n\t\t\tgridheight:175,\n\t\t\tlazyType:\"none\",\n\t\t\tshadow:0,\n\t\t\tspinner:\"off\",\n\t\t\tstopLoop:\"off\",\n\t\t\tstopAfterLoops:-1,\n\t\t\tstopAtSlide:-1,\n\t\t\tshuffle:\"off\",\n\t\t\tautoHeight:\"off\",\n\t\t\tdisableProgressBar:\"on\",\n\t\t\thideThumbsOnMobile:\"off\",\n\t\t\thideSliderAtLimit:0,\n\t\t\thideCaptionAtLimit:0,\n\t\t\thideAllCaptionAtLilmit:0,\n\t\t\tdebugMode:false,\n\t\t\tfallbacks: {\n\t\t\t\tsimplifyAll:\"off\",\n\t\t\t\tnextSlideOnWindowFocus:\"off\",\n\t\t\t\tdisableFocusListener:false,\n\t\t\t}\n\t\t});\n\t}; \/* END OF revapi call *\/\n\t\n }; \/* END OF ON LOAD FUNCTION *\/\r\n}()); \/* END OF WRAPPING FUNCTION *\/\r\n<\/script>\r\n\t\t<\/div><!-- END REVOLUTION SLIDER -->[\/vc_column][\/vc_row][vc_row full_width=&#8221;stretch_row&#8221; css=&#8221;.vc_custom_1594411049292{border-bottom-width: 1px !important;border-bottom-color: #ebebeb !important;border-bottom-style: solid !important;}&#8221;][vc_column el_class=&#8221;bread&#8221;][vc_raw_html el_class=&#8221;prova&#8221;]JTVCd3BzZW9fYnJlYWRjcnVtYiU1RA==[\/vc_raw_html][\/vc_column][\/vc_row][vc_row css=&#8221;.vc_custom_1594400642344{padding-bottom: 0px !important;}&#8221;][vc_column width=&#8221;1\/3&#8243;][vc_empty_space el_class=&#8221;only-desktop&#8221;][vc_column_text el_class=&#8221;textos&#8221;]\u00bfDeseas ponerte en contacto con <b>Abaula<\/b>? Si tienes dudas, preguntas, sugerencias&#8230; Escr\u00edbenos a nuestra direcci\u00f3n de email, o bien a trav\u00e9s de este formulario web.<\/p>\n<p>\u00a1Gracias![\/vc_column_text][vc_empty_space height=&#8221;40px&#8221;][vc_column_text el_class=&#8221;textos&#8221;]<strong>INFORMACI\u00d3N DE CONTACTO<\/strong>[\/vc_column_text][vc_empty_space]<div class=\"vntd-icon-box icon-box-small-left animated vntd-animated box\" data-animation=\"fadeIn\" data-animation-delay=\"100\"><div class=\"icon-box-icon\"><i class=\"fa fa-home\"><\/i><\/div><div class=\"icon-box-content\"><p class=\"icon-description\">Calle Joan Alsina 3 - 5, 17003 Girona<\/p><\/div><\/div><div class=\"vntd-icon-box icon-box-small-left animated vntd-animated box icon-box-with-link icon-box-hover\" data-animation=\"fadeIn\" data-animation-delay=\"100\"><a href=\"mailto:abaula.info@adgirona.org\" target=\"_self\"><div class=\"icon-box-icon\"><i class=\"fa fa-envelope\"><\/i><\/div><div class=\"icon-box-content\"><p class=\"icon-description\">abaula.info@adgirona.org<\/p><\/div><\/a><\/div><div class=\"vntd-icon-box icon-box-small-left animated vntd-animated box icon-box-with-link icon-box-hover\" data-animation=\"fadeIn\" data-animation-delay=\"100\"><a href=\"tel:972215917\" target=\"_self\"><div class=\"icon-box-icon\"><i class=\"fa fa-phone\"><\/i><\/div><div class=\"icon-box-content\"><p class=\"icon-description\">972 215 917<\/p><\/div><\/a><\/div><div class=\"vntd-icon-box icon-box-small-left animated vntd-animated box\" data-animation=\"fadeIn\" data-animation-delay=\"100\"><div class=\"icon-box-icon\"><i class=\"fa fa-fax\"><\/i><\/div><div class=\"icon-box-content\"><p class=\"icon-description\">Fax 972 225 218<\/p><\/div><\/div><div class=\"vntd-icon-box icon-box-small-left animated vntd-animated box\" data-animation=\"fadeIn\" data-animation-delay=\"100\"><div class=\"icon-box-icon\"><i class=\"fa fa-clock-o\"><\/i><\/div><div class=\"icon-box-content\"><p class=\"icon-description\">de 9:00 a 14:00 y de 16:00 a 19:00<\/p><\/div><\/div>[vc_empty_space height=&#8221;40px&#8221;][vc_column_text el_class=&#8221;textos&#8221;]<strong>ADMINISTRACI\u00d3N<\/strong>[\/vc_column_text]<div class=\"vntd-icon-box icon-box-small-left animated vntd-animated box icon-box-with-link icon-box-hover\" data-animation=\"fadeIn\" data-animation-delay=\"100\"><a href=\"tel:648948234\" target=\"_self\"><div class=\"icon-box-icon\"><i class=\"fa fa-phone\"><\/i><\/div><div class=\"icon-box-content\"><p class=\"icon-description\">648 94 82 34<\/p><\/div><\/a><\/div>[vc_empty_space height=&#8221;40px&#8221;][vc_column_text]<strong>SOCIAL MEDIA<\/strong>[\/vc_column_text][vc_empty_space]<div class=\"vntd-social-icons vntd-social-icons-square\"><a href=\"https:\/\/www.facebook.com\/ABaulaGirona\/\" class=\"social facebook\" target=\"_blank\"><i class=\"fa fa-facebook\"><\/i><\/a><a href=\"https:\/\/www.instagram.com\/abaulaa\/\" class=\"social instagram\" target=\"_blank\"><i class=\"fa fa-instagram\"><\/i><\/a><\/div>[\/vc_column][vc_column width=&#8221;2\/3&#8243; css=&#8221;.vc_custom_1552901443791{padding-left: 100px !important;}&#8221;][vc_empty_space el_class=&#8221;only-desktop&#8221;][vc_row_inner][vc_column_inner width=&#8221;1\/6&#8243;][\/vc_column_inner][vc_column_inner width=&#8221;5\/6&#8243;][vc_column_text el_class=&#8221;textosh3&#8243;]<\/p>\n<h3>\u00a1Contacta con nosotros!<\/h3>\n<p>[\/vc_column_text][vc_empty_space height=&#8221;36px&#8221;]<div class=\"vntd-contact-form contact-form- contact font-primary\"><div role=\"form\" class=\"wpcf7\" id=\"wpcf7-f6196-o1\" lang=\"ca\" dir=\"ltr\">\n<div class=\"screen-reader-response\" role=\"alert\" aria-live=\"polite\"><\/div>\n<form action=\"\/es\/wp-json\/wp\/v2\/pages\/6157#wpcf7-f6196-o1\" method=\"post\" class=\"wpcf7-form init\" novalidate=\"novalidate\">\n<div style=\"display: none;\">\n<input type=\"hidden\" name=\"_wpcf7\" value=\"6196\" \/>\n<input type=\"hidden\" name=\"_wpcf7_version\" value=\"5.2\" \/>\n<input type=\"hidden\" name=\"_wpcf7_locale\" value=\"ca\" \/>\n<input type=\"hidden\" name=\"_wpcf7_unit_tag\" value=\"wpcf7-f6196-o1\" \/>\n<input type=\"hidden\" name=\"_wpcf7_container_post\" value=\"0\" \/>\n<input type=\"hidden\" name=\"_wpcf7_posted_data_hash\" value=\"\" \/>\n<\/div>\n<div class=\"textos\">\n<div class=\"row\">\n<div class=\"col-md-4\">\n        <label> Tu nombre (*)<br \/>\n        <span class=\"wpcf7-form-control-wrap your-name\"><input type=\"text\" name=\"your-name\" value=\"\" size=\"40\" class=\"wpcf7-form-control wpcf7-text wpcf7-validates-as-required\" aria-required=\"true\" aria-invalid=\"false\" \/><\/span> <\/label>\n    <\/div>\n<div class=\"col-md-4\">\n        <label> Tu correo (*)<br \/>\n        <span class=\"wpcf7-form-control-wrap your-email\"><input type=\"email\" name=\"your-email\" value=\"\" size=\"40\" class=\"wpcf7-form-control wpcf7-text wpcf7-email wpcf7-validates-as-required wpcf7-validates-as-email\" aria-required=\"true\" aria-invalid=\"false\" \/><\/span> <\/label>\n    <\/div>\n<div class=\"col-md-4\">\n        <label> Tu tel\u00e9fono (*)<br \/>\n        <span class=\"wpcf7-form-control-wrap telefon\"><input type=\"tel\" name=\"telefon\" value=\"\" size=\"40\" class=\"wpcf7-form-control wpcf7-text wpcf7-tel wpcf7-validates-as-required wpcf7-validates-as-tel\" aria-required=\"true\" aria-invalid=\"false\" \/><\/span> <\/label>\n    <\/div>\n<\/div>\n<div class=\"textos\">\n        <label> Asunto<br \/>\n        <span class=\"wpcf7-form-control-wrap your-subject\"><input type=\"text\" name=\"your-subject\" value=\"\" size=\"40\" class=\"wpcf7-form-control wpcf7-text\" aria-invalid=\"false\" \/><\/span> <\/label><label class=\"formulari\"> Tu mensaje<br \/>\n        <span class=\"wpcf7-form-control-wrap your-message\"><textarea name=\"your-message\" cols=\"40\" rows=\"10\" class=\"wpcf7-form-control wpcf7-textarea\" aria-invalid=\"false\"><\/textarea><\/span> <\/label><\/p>\n<p style=\"margin-bottom: 0px !important;\"><span class=\"wpcf7-form-control-wrap acceptance-politica\"><span class=\"wpcf7-form-control wpcf7-acceptance\"><span class=\"wpcf7-list-item\"><input type=\"checkbox\" name=\"acceptance-politica\" value=\"1\" aria-invalid=\"false\" id=\"politica-privacitat\" \/><\/span><\/span><\/span> Acepto la <a href=\"https:\/\/www.abaula.cat\/es\/aviso-legal\/\">pol\u00edtica de privacidad<\/a>\n<p>        <span class=\"wpcf7-form-control-wrap info-comercial\"><span class=\"wpcf7-form-control wpcf7-checkbox\" id=\"enviament-info\"><span class=\"wpcf7-list-item first last\"><input type=\"checkbox\" name=\"info-comercial[]\" value=\"Acepto el env\u00edo de Informaci\u00f3n Comercial\" \/><span class=\"wpcf7-list-item-label\">Acepto el env\u00edo de Informaci\u00f3n Comercial<\/span><\/span><\/span><\/span><br \/>\n        <input type=\"submit\" value=\"Envia\" class=\"wpcf7-form-control wpcf7-submit\" \/><\/p>\n<p style=\"text-align: justify; font-size: 9.5px; line-height: 11px;\">La comunicaci\u00f3n enviada quedar\u00e1 incorporada a un fichero del que es responsable AD INICIATIVES SOCIALS. Esta comunicaci\u00f3n se utilizar\u00e1 exclusivamente para tratar sus datos para atender su solicitud, siempre de acuerdo al Reglamento (UE) 2016\/679 (RGPD), la Ley Org\u00e1nica 15\/1999 (LOPD) y el Real Decreto 1720\/2007 de desarrollo de la LOPD), sobre protecci\u00f3n de datos. Sus datos no se comunicaran a terceros, excepto por obligaci\u00f3n legal, y se mantendr\u00e1n mientras no solicite su cancelaci\u00f3n.<br \/>\nEn cualquier momento usted puede ejercer los derechos de acceso, rectificaci\u00f3n, portabilidad y oposici\u00f3n, o si procede, a la limitaci\u00f3n y\/o cancelaci\u00f3n del tratamiento, comunic\u00e1ndolo por escrito, indicando sus datos personales a Carrer de Joan Alsina, 3, 17003 Girona o mediante un email a info@abaula.cat.<\/p>\n<\/div>\n<div class=\"wpcf7-response-output\" role=\"alert\" aria-hidden=\"true\"><\/div><\/form><\/div><\/div>[vc_empty_space height=&#8221;64px&#8221;][\/vc_column_inner][\/vc_row_inner][\/vc_column][\/vc_row][vc_row full_width=&#8221;stretch_row_content_no_spaces&#8221;][vc_column][vc_raw_html]JTNDaWZyYW1lJTIwc3JjJTNEJTIyaHR0cHMlM0ElMkYlMkZ3d3cuZ29vZ2xlLmNvbSUyRm1hcHMlMkZlbWJlZCUzRnBiJTNEJTIxMW0xNCUyMTFtOCUyMTFtMyUyMTFkMTE4NjYuMDk0NDA0MTU2NzQ0JTIxMmQyLjgxMzk5ODglMjEzZDQxLjk2NzU2NjclMjEzbTIlMjExaTEwMjQlMjEyaTc2OCUyMTRmMTMuMSUyMTNtMyUyMTFtMiUyMTFzMHgwJTI1M0EweGIxYWQwMjI3NTFlMmVkNTMlMjEyc0FEJTI2JTIzMzklM0IlMkJJbmljaWF0aXZlcyUyQlNvY2lhbHMlMjE1ZTAlMjEzbTIlMjExc2VzJTIxMnNlcyUyMTR2MTU1MzA3NDk2OTg4MSUyMiUyMHdpZHRoJTNEJTIyMTAwJTI1JTIyJTIwaGVpZ2h0JTNEJTIyNDUwJTIyJTIwZnJhbWVib3JkZXIlM0QlMjIwJTIyJTIwc3R5bGUlM0QlMjJib3JkZXIlM0EwJTIyJTIwYWxsb3dmdWxsc2NyZWVuJTNFJTNDJTJGaWZyYW1lJTNF[\/vc_raw_html][\/vc_column][\/vc_row]<\/p>\n","protected":false},"excerpt":{"rendered":"<p>[vc_row full_width=&#8221;stretch_row_content_no_spaces&#8221;][vc_column][\/vc_column][\/vc_row][vc_row full_width=&#8221;stretch_row&#8221; css=&#8221;.vc_custom_1594411049292{border-bottom-width: 1px !important;border-bottom-color: #ebebeb !important;border-bottom-style: solid !important;}&#8221;][vc_column el_class=&#8221;bread&#8221;][vc_raw_html el_class=&#8221;prova&#8221;]JTVCd3BzZW9fYnJlYWRjcnVtYiU1RA==[\/vc_raw_html][\/vc_column][\/vc_row][vc_row css=&#8221;.vc_custom_1594400642344{padding-bottom: 0px !important;}&#8221;][vc_column width=&#8221;1\/3&#8243;][vc_empty_space el_class=&#8221;only-desktop&#8221;][vc_column_text el_class=&#8221;textos&#8221;]\u00bfDeseas ponerte en contacto con Abaula? Si tienes dudas, preguntas, sugerencias&#8230; Escr\u00edbenos a nuestra direcci\u00f3n de email, o bien a trav\u00e9s de este formulario web. \u00a1Gracias![\/vc_column_text][vc_empty_space height=&#8221;40px&#8221;][vc_column_text el_class=&#8221;textos&#8221;]INFORMACI\u00d3N DE CONTACTO[\/vc_column_text][vc_empty_space][vc_empty_space height=&#8221;40px&#8221;][vc_column_text el_class=&#8221;textos&#8221;]ADMINISTRACI\u00d3N[\/vc_column_text][vc_empty_space height=&#8221;40px&#8221;][vc_column_text]SOCIAL [&hellip;]<\/p>\n","protected":false},"author":1,"featured_media":0,"parent":0,"menu_order":0,"comment_status":"closed","ping_status":"closed","template":"","meta":{"footnotes":""},"class_list":["post-6157","page","type-page","status-publish","hentry"],"yoast_head":"<!-- This site is optimized with the Yoast SEO plugin v14.5 - https:\/\/yoast.com\/wordpress\/plugins\/seo\/ -->\n<title>Contacta - AD Iniciatives Socials<\/title>\n<meta name=\"robots\" content=\"index, follow\" \/>\n<meta name=\"googlebot\" content=\"index, follow, max-snippet:-1, max-image-preview:large, max-video-preview:-1\" \/>\n<meta name=\"bingbot\" content=\"index, follow, max-snippet:-1, max-image-preview:large, max-video-preview:-1\" \/>\n<link rel=\"canonical\" href=\"https:\/\/www.abaula.cat\/es\/contacta\/\" \/>\n<meta property=\"og:locale\" content=\"es_ES\" \/>\n<meta property=\"og:type\" content=\"article\" \/>\n<meta property=\"og:title\" content=\"Contacta - AD Iniciatives Socials\" \/>\n<meta property=\"og:description\" content=\"[vc_row full_width=&#8221;stretch_row_content_no_spaces&#8221;][vc_column][\/vc_column][\/vc_row][vc_row full_width=&#8221;stretch_row&#8221; css=&#8221;.vc_custom_1594411049292{border-bottom-width: 1px !important;border-bottom-color: #ebebeb !important;border-bottom-style: solid !important;}&#8221;][vc_column el_class=&#8221;bread&#8221;][vc_raw_html el_class=&#8221;prova&#8221;]JTVCd3BzZW9fYnJlYWRjcnVtYiU1RA==[\/vc_raw_html][\/vc_column][\/vc_row][vc_row css=&#8221;.vc_custom_1594400642344{padding-bottom: 0px !important;}&#8221;][vc_column width=&#8221;1\/3&#8243;][vc_empty_space el_class=&#8221;only-desktop&#8221;][vc_column_text el_class=&#8221;textos&#8221;]\u00bfDeseas ponerte en contacto con Abaula? Si tienes dudas, preguntas, sugerencias&#8230; Escr\u00edbenos a nuestra direcci\u00f3n de email, o bien a trav\u00e9s de este formulario web. \u00a1Gracias![\/vc_column_text][vc_empty_space height=&#8221;40px&#8221;][vc_column_text el_class=&#8221;textos&#8221;]INFORMACI\u00d3N DE CONTACTO[\/vc_column_text][vc_empty_space][vc_empty_space height=&#8221;40px&#8221;][vc_column_text el_class=&#8221;textos&#8221;]ADMINISTRACI\u00d3N[\/vc_column_text][vc_empty_space height=&#8221;40px&#8221;][vc_column_text]SOCIAL [&hellip;]\" \/>\n<meta property=\"og:url\" content=\"https:\/\/www.abaula.cat\/es\/contacta\/\" \/>\n<meta property=\"og:site_name\" content=\"AD Iniciatives Socials\" \/>\n<meta property=\"article:modified_time\" content=\"2021-04-20T10:10:55+00:00\" \/>\n<meta name=\"twitter:card\" content=\"summary_large_image\" \/>\n<script type=\"application\/ld+json\" class=\"yoast-schema-graph\">{\"@context\":\"https:\/\/schema.org\",\"@graph\":[{\"@type\":\"Organization\",\"@id\":\"https:\/\/www.abaula.cat\/es\/#organization\",\"name\":\"ABAULA\",\"url\":\"https:\/\/www.abaula.cat\/es\/\",\"sameAs\":[],\"logo\":{\"@type\":\"ImageObject\",\"@id\":\"https:\/\/www.abaula.cat\/es\/#logo\",\"inLanguage\":\"es\",\"url\":\"https:\/\/www.abaula.cat\/wp-content\/uploads\/2020\/07\/logo-red.png\",\"width\":285,\"height\":80,\"caption\":\"ABAULA\"},\"image\":{\"@id\":\"https:\/\/www.abaula.cat\/es\/#logo\"}},{\"@type\":\"WebSite\",\"@id\":\"https:\/\/www.abaula.cat\/es\/#website\",\"url\":\"https:\/\/www.abaula.cat\/es\/\",\"name\":\"AD Iniciatives Socials\",\"description\":\"\",\"publisher\":{\"@id\":\"https:\/\/www.abaula.cat\/es\/#organization\"},\"potentialAction\":[{\"@type\":\"SearchAction\",\"target\":\"https:\/\/www.abaula.cat\/es\/?s={search_term_string}\",\"query-input\":\"required name=search_term_string\"}],\"inLanguage\":\"es\"},{\"@type\":\"WebPage\",\"@id\":\"https:\/\/www.abaula.cat\/es\/contacta\/#webpage\",\"url\":\"https:\/\/www.abaula.cat\/es\/contacta\/\",\"name\":\"Contacta - AD Iniciatives Socials\",\"isPartOf\":{\"@id\":\"https:\/\/www.abaula.cat\/es\/#website\"},\"datePublished\":\"2015-10-18T13:06:34+00:00\",\"dateModified\":\"2021-04-20T10:10:55+00:00\",\"breadcrumb\":{\"@id\":\"https:\/\/www.abaula.cat\/es\/contacta\/#breadcrumb\"},\"inLanguage\":\"es\",\"potentialAction\":[{\"@type\":\"ReadAction\",\"target\":[\"https:\/\/www.abaula.cat\/es\/contacta\/\"]}]},{\"@type\":\"BreadcrumbList\",\"@id\":\"https:\/\/www.abaula.cat\/es\/contacta\/#breadcrumb\",\"itemListElement\":[{\"@type\":\"ListItem\",\"position\":1,\"item\":{\"@type\":\"WebPage\",\"@id\":\"https:\/\/www.abaula.cat\/es\/\",\"url\":\"https:\/\/www.abaula.cat\/es\/\",\"name\":\"Inici\"}},{\"@type\":\"ListItem\",\"position\":2,\"item\":{\"@type\":\"WebPage\",\"@id\":\"https:\/\/www.abaula.cat\/es\/contacta\/\",\"url\":\"https:\/\/www.abaula.cat\/es\/contacta\/\",\"name\":\"Contacta\"}}]}]}<\/script>\n<!-- \/ Yoast SEO plugin. -->","_links":{"self":[{"href":"https:\/\/www.abaula.cat\/es\/wp-json\/wp\/v2\/pages\/6157","targetHints":{"allow":["GET"]}}],"collection":[{"href":"https:\/\/www.abaula.cat\/es\/wp-json\/wp\/v2\/pages"}],"about":[{"href":"https:\/\/www.abaula.cat\/es\/wp-json\/wp\/v2\/types\/page"}],"author":[{"embeddable":true,"href":"https:\/\/www.abaula.cat\/es\/wp-json\/wp\/v2\/users\/1"}],"replies":[{"embeddable":true,"href":"https:\/\/www.abaula.cat\/es\/wp-json\/wp\/v2\/comments?post=6157"}],"version-history":[{"count":6,"href":"https:\/\/www.abaula.cat\/es\/wp-json\/wp\/v2\/pages\/6157\/revisions"}],"predecessor-version":[{"id":6326,"href":"https:\/\/www.abaula.cat\/es\/wp-json\/wp\/v2\/pages\/6157\/revisions\/6326"}],"wp:attachment":[{"href":"https:\/\/www.abaula.cat\/es\/wp-json\/wp\/v2\/media?parent=6157"}],"curies":[{"name":"wp","href":"https:\/\/api.w.org\/{rel}","templated":true}]}}