{"id":6156,"date":"2020-07-16T18:05:35","date_gmt":"2020-07-16T16:05:35","guid":{"rendered":"https:\/\/www.abaula.cat\/comunitat-abaula\/"},"modified":"2020-07-17T13:18:45","modified_gmt":"2020-07-17T11:18:45","slug":"comunidad-abaula","status":"publish","type":"page","link":"https:\/\/www.abaula.cat\/es\/comunidad-abaula\/","title":{"rendered":"Comunidad Abaula"},"content":{"rendered":"<p>[vc_row full_width=&#8221;stretch_row_content_no_spaces&#8221;][vc_column]<link href=\"https:\/\/fonts.googleapis.com\/css?family=Raleway:700\" rel=\"stylesheet\" property=\"stylesheet\" type=\"text\/css\" media=\"all\">\n<div id=\"rev_slider_21_1_wrapper\" class=\"rev_slider_wrapper fullwidthbanner-container\" data-source=\"gallery\" style=\"margin:0px auto;background:transparent;padding:0px;margin-top:0px;margin-bottom:0px;\">\n<!-- START REVOLUTION SLIDER 5.4.8.2 fullwidth mode -->\n\t<div id=\"rev_slider_21_1\" class=\"rev_slider fullwidthabanner\" style=\"display:none;\" data-version=\"5.4.8.2\">\n<ul>\t<!-- SLIDE  -->\n\t<li data-index=\"rs-31\" data-transition=\"fade\" data-slotamount=\"default\" data-hideafterloop=\"0\" data-hideslideonmobile=\"off\"  data-easein=\"default\" data-easeout=\"default\" data-masterspeed=\"300\"  data-rotate=\"0\"  data-saveperformance=\"off\"  data-title=\"Slide\" data-param1=\"\" data-param2=\"\" data-param3=\"\" data-param4=\"\" data-param5=\"\" data-param6=\"\" data-param7=\"\" data-param8=\"\" data-param9=\"\" data-param10=\"\" data-description=\"\">\n\t\t<!-- MAIN IMAGE -->\n\t\t<img loading=\"lazy\" decoding=\"async\" src=\"https:\/\/www.abaula.cat\/wp-content\/uploads\/2020\/07\/quisoms.jpg\"  alt=\"\" title=\"quisoms\"  width=\"1800\" height=\"757\" data-bgposition=\"center center\" data-bgfit=\"cover\" data-bgrepeat=\"no-repeat\" class=\"rev-slidebg\" data-no-retina>\n\t\t<!-- LAYERS -->\n\n\t\t<!-- LAYER NR. 1 -->\n\t\t<div class=\"tp-caption   tp-resizeme\" \n\t\t\t id=\"slide-31-layer-3\" \n\t\t\t data-x=\"['center','center','center','center']\" data-hoffset=\"['0','0','0','0']\" \n\t\t\t data-y=\"['middle','middle','middle','middle']\" data-voffset=\"['0','0','0','0']\" \n\t\t\t\t\t\tdata-width=\"none\"\n\t\t\tdata-height=\"none\"\n\t\t\tdata-whitespace=\"nowrap\"\n \n\t\t\tdata-type=\"text\" \n\t\t\tdata-responsive_offset=\"on\" \n\n\t\t\tdata-frames='[{\"delay\":10,\"speed\":300,\"frame\":\"0\",\"from\":\"opacity:0;\",\"to\":\"o:1;\",\"ease\":\"Power3.easeInOut\"},{\"delay\":\"wait\",\"speed\":300,\"frame\":\"999\",\"to\":\"opacity:0;\",\"ease\":\"Power3.easeInOut\"}]'\n\t\t\tdata-textAlign=\"['inherit','inherit','inherit','inherit']\"\n\t\t\tdata-paddingtop=\"[0,0,0,0]\"\n\t\t\tdata-paddingright=\"[0,0,0,0]\"\n\t\t\tdata-paddingbottom=\"[0,0,0,0]\"\n\t\t\tdata-paddingleft=\"[0,0,0,0]\"\n\n\t\t\tstyle=\"z-index: 5; white-space: nowrap; font-size: 30px; line-height: 22px; font-weight: 700; color: #ffffff; letter-spacing: 0px;font-family:Raleway;\">\u00bfQui\u00e9nes somos? <\/div>\n\t<\/li>\n<\/ul>\n<div class=\"tp-bannertimer tp-bottom\" style=\"visibility: hidden !important;\"><\/div>\t<\/div>\n<script>var htmlDiv = document.getElementById(\"rs-plugin-settings-inline-css\"); var htmlDivCss=\"\";\r\n\t\t\t\tif(htmlDiv) {\r\n\t\t\t\t\thtmlDiv.innerHTML = htmlDiv.innerHTML + htmlDivCss;\r\n\t\t\t\t}else{\r\n\t\t\t\t\tvar htmlDiv = document.createElement(\"div\");\r\n\t\t\t\t\thtmlDiv.innerHTML = \"<style>\" + htmlDivCss + \"<\/style>\";\r\n\t\t\t\t\tdocument.getElementsByTagName(\"head\")[0].appendChild(htmlDiv.childNodes[0]);\r\n\t\t\t\t}\r\n\t\t\t<\/script>\n\t\t<script type=\"text\/javascript\">\r\nif (setREVStartSize!==undefined) setREVStartSize(\r\n\t{c: '#rev_slider_21_1', responsiveLevels: [1240,1024,778,480], gridwidth: [1903,1024,778,480], gridheight: [250,250,250,250], sliderLayout: 'fullwidth'});\r\n\t\t\t\r\nvar revapi21,\r\n\ttpj;\t\r\n(function() {\t\t\t\r\n\tif (!\/loaded|interactive|complete\/.test(document.readyState)) document.addEventListener(\"DOMContentLoaded\",onLoad); else onLoad();\t\r\n\tfunction onLoad() {\t\t\t\t\r\n\t\tif (tpj===undefined) { tpj = jQuery; if(\"off\" == \"on\") tpj.noConflict();}\r\n\tif(tpj(\"#rev_slider_21_1\").revolution == undefined){\n\t\trevslider_showDoubleJqueryError(\"#rev_slider_21_1\");\n\t}else{\n\t\trevapi21 = tpj(\"#rev_slider_21_1\").show().revolution({\n\t\t\tsliderType:\"standard\",\n\t\t\tjsFileLocation:\"\/\/www.abaula.cat\/wp-content\/plugins\/revslider\/public\/assets\/js\/\",\n\t\t\tsliderLayout:\"fullwidth\",\n\t\t\tdottedOverlay:\"none\",\n\t\t\tdelay:9000,\n\t\t\tnavigation: {\n\t\t\t\tonHoverStop:\"off\",\n\t\t\t},\n\t\t\tresponsiveLevels:[1240,1024,778,480],\n\t\t\tvisibilityLevels:[1240,1024,778,480],\n\t\t\tgridwidth:[1903,1024,778,480],\n\t\t\tgridheight:[250,250,250,250],\n\t\t\tlazyType:\"none\",\n\t\t\tshadow:0,\n\t\t\tspinner:\"off\",\n\t\t\tstopLoop:\"off\",\n\t\t\tstopAfterLoops:-1,\n\t\t\tstopAtSlide:-1,\n\t\t\tshuffle:\"off\",\n\t\t\tautoHeight:\"off\",\n\t\t\tdisableProgressBar:\"on\",\n\t\t\thideThumbsOnMobile:\"off\",\n\t\t\thideSliderAtLimit:0,\n\t\t\thideCaptionAtLimit:0,\n\t\t\thideAllCaptionAtLilmit:0,\n\t\t\tdebugMode:false,\n\t\t\tfallbacks: {\n\t\t\t\tsimplifyAll:\"off\",\n\t\t\t\tnextSlideOnWindowFocus:\"off\",\n\t\t\t\tdisableFocusListener:false,\n\t\t\t}\n\t\t});\n\t}; \/* END OF revapi call *\/\n\t\n }; \/* END OF ON LOAD FUNCTION *\/\r\n}()); \/* END OF WRAPPING FUNCTION *\/\r\n<\/script>\r\n\t\t<\/div><!-- END REVOLUTION SLIDER -->[\/vc_column][\/vc_row][vc_row full_width=&#8221;stretch_row&#8221; css=&#8221;.vc_custom_1594411049292{border-bottom-width: 1px !important;border-bottom-color: #ebebeb !important;border-bottom-style: solid !important;}&#8221;][vc_column el_class=&#8221;bread&#8221;][vc_raw_html el_class=&#8221;prova&#8221;]JTVCd3BzZW9fYnJlYWRjcnVtYiU1RA==[\/vc_raw_html][\/vc_column][\/vc_row][vc_row][vc_column][vc_empty_space el_class=&#8221;only-desktop&#8221;][\/vc_column][\/vc_row][vc_row][vc_column width=&#8221;2\/3&#8243;][vc_column_text el_class=&#8221;textos&#8221;]La <strong>COMUNIDAD ABAULA<\/strong> es una iniciativa que surge despu\u00e9s de m\u00e1s de seis a\u00f1os de experiencia trabajando con familias y profesionales de los \u00e1mbitos educativo y social.<\/p>\n<p>El objetivo de formar esta comunidad es compartir con todos vosotros el bagaje adquirido durante estos a\u00f1os, en los que hemos podido desarrollar, gracias a nuestra trayectoria, materiales y propuestas de trabajo funcionales clasificadas en las diferentes \u00e1reas de la vida diaria.<\/p>\n<p>Con esta comunidad queremos ofrecer apoyo y recursos de manera continuada a familias y profesionales.<\/p>\n<p><strong>La COMUNIDAD ABAULA quiere favorecer el trabajo en red, compartir experiencias y conocimientos, y la promoci\u00f3n de la formaci\u00f3n continuada.<\/strong>.[\/vc_column_text][\/vc_column][vc_column width=&#8221;1\/3&#8243;][vc_column_text el_class=&#8221;textos&#8221;]<\/p>\n<h3 style=\"font-size: 21px !important;\">\u00bfA qui\u00e9n va dirigida?<\/h3>\n<p>La Comunidad ABAULA va dirigida a todos aquellos familiares, profesionales y \/ o estudiantes comprometidos e interesados en los aprendizajes y el desarrollo de las diferentes \u00e1reas en ni\u00f1os y \/ o adolescentes.[\/vc_column_text][\/vc_column][\/vc_row][vc_row css=&#8221;.vc_custom_1594916332331{margin-top: 30px !important;}&#8221;][vc_column][vc_row_inner css=&#8221;.vc_custom_1594414239521{padding-top: 15px !important;padding-right: 35px !important;padding-bottom: 25px !important;padding-left: 35px !important;background-color: #e30613 !important;}&#8221;][vc_column_inner css=&#8221;.vc_custom_1594915851532{padding-top: 10px !important;}&#8221;][vc_column_text]<\/p>\n<div style=\"color: #fff;\">\n<h3 style=\"font-size: 21px !important; color: #fff !important;\"><strong>\u00a1Si desea ser miembro de la COMUNIDAD ABAULA!<\/strong><\/h3>\n<p>Si desea formar parte de la comunidad y disfrutar de sus ventajas, a continuaci\u00f3n podr\u00e1 encontrar toda la informaci\u00f3n de c\u00f3mo hacerlo.<br \/>\n<em>Pasos a seguir:<\/em><\/p>\n<ol>\n<li><a style=\"color: #fff;\" href=\"https:\/\/www.abaula.cat\/contacta\/\">Contacte con nosotros <\/a> para poder realizar el registro<\/li>\n<li>Cuota anual:<br \/>\n<strong>&#8211; Cuota anual de 25 Euros: Para aquellas familias con un hijo\/a que realiza sesiones en el centro ABAULA.<\/strong><br \/>\n<strong>&#8211; Cuota anual de 42 Euros: Para el resto de familias y\/o estudiantes.<\/strong><br \/>\n<strong>&#8211; Cuota anual de 60 Euros: Para escuelas, centros o servicios.<\/strong><\/li>\n<li>\u00a1Disfrute de nuestras actividades, talleres, cursos y muchas m\u00e1s sorpresas de la COMUNIDAD ABAULA!<\/li>\n<li>Consulte todas las novedades de la COMUNIDAD ABAULA en nuestro BLOG.<\/li>\n<\/ol>\n<\/div>\n<p>[\/vc_column_text][\/vc_column_inner][\/vc_row_inner][\/vc_column][\/vc_row][vc_row css=&#8221;.vc_custom_1594916188565{margin-top: 40px !important;}&#8221;][vc_column][vc_tta_tabs][vc_tta_section title=&#8221;Actividades, materiales y\/o soportes visuales&#8221; tab_id=&#8221;1594413124246-1582b611-86a6577c-6361&#8243;][vc_column_text]Todos los miembros de la COMUNIDAD ABAULA tiene acceso a nuestros materiales, organizados seg\u00fan las siguientes \u00e1reas:<\/p>\n<ol>\n<li><em>Autonom\u00eda<\/em><\/li>\n<li><em>Cognici\u00f3n<\/em><\/li>\n<li><em>Emociones<\/em><\/li>\n<li><em>Habilidades sociales<\/em><\/li>\n<li><em>Sensorio-motrices<\/em><\/li>\n<\/ol>\n<p>[\/vc_column_text][\/vc_tta_section][vc_tta_section title=&#8221;Talleres y cursos para familias y\/o profesionales&#8221; tab_id=&#8221;1594413124309-0b82b044-2bf7577c-6361&#8243;][vc_column_text]El equipo ABAULA est\u00e1 comprometido con la formaci\u00f3n continuada y la investigaci\u00f3n. Se pueden consultar las diferentes propuestas y colaboraciones.<\/p>\n<p>Todos los miembros de la COMUNIDAD ABAULA disfruta de un descuento en todos los <a href=\"https:\/\/www.abaula.cat\/es\/que-oferim\/cursos-i-tallers-per-a-families-i-o-professionals\/\">cursos y\/o talleres<\/a> en los que participa.<\/p>\n<p>En el caso de haber hecho el registro para escuelas, centros o servicios, dos de sus profesionales podr\u00e1n realizar las formaciones propuestas con un descuento en todas las propuestas formativas.[\/vc_column_text][\/vc_tta_section][vc_tta_section title=&#8221;Grupos de apoyo y formaci\u00f3n para familiares&#8221; tab_id=&#8221;1594915947981-96eeb8f1-460f&#8221;][vc_column_text]El equipo ABAULA realiza varios <a href=\"https:\/\/www.abaula.cat\/es\/que-oferim\/grups-de-suport-i-formacio-per-a-families\/\">grupos de apoyo y formaci\u00f3n<\/a> para familiares<\/p>\n<p>Todos los miembros de la COMUNIDAD ABAULA puede disfrutar de un descuento de la cuota semestral para participar en uno de los grupos de apoyo y formaci\u00f3n para familiares.[\/vc_column_text][\/vc_tta_section][\/vc_tta_tabs][vc_column_text el_class=&#8221;prova&#8221;]<strong><em><u>\u00a1M\u00e1s ventajas!<br \/>\n<\/u><\/em><\/strong><em>Ahorra tiempo buscando en diferentes portales. Aqu\u00ed encontrar\u00e1 los recursos que busca, organizados f\u00e1cilmente por \u00e1reas, fortalezas y necesidades del ni\u00f1o o adolescente.<\/em>[\/vc_column_text][\/vc_column][\/vc_row][vc_row][vc_column][vc_separator css=&#8221;.vc_custom_1594916565104{margin-top: 25px !important;margin-bottom: 25px !important;}&#8221;][vc_column_text el_class=&#8221;prova&#8221;]<\/p>\n<h3 style=\"font-size: 21px !important;\">Compromiso de los miembros de la comunidad.<\/h3>\n<p><strong>Como miembros de la Comunidad, os pedimos que &#8230;<\/strong><\/p>\n<ul>\n<li>Cumpla con las cuotas anuales establecidas.<\/li>\n<li>Mantener actualizados sus datos (personales, bancarias, de contacto) como miembros de la comunidad.<\/li>\n<li>Haga un uso exclusivo e individual de la contrase\u00f1a del registro.<\/li>\n<li>Utilice los materiales y los recursos que le ofrecemos a la plataforma de manera responsable y para uso propio.<\/li>\n<\/ul>\n<p>[\/vc_column_text][\/vc_column][\/vc_row][vc_row][vc_column][vc_empty_space height=&#8221;25px&#8221;][vc_separator css=&#8221;.vc_custom_1594916565104{margin-top: 25px !important;margin-bottom: 25px !important;}&#8221;][vc_column_text el_class=&#8221;prova&#8221;]<\/p>\n<h3 style=\"font-size: 21px !important;\">Baja de la COMUNIDAD ABAULA<\/h3>\n<p><strong>Ser\u00e1n dados de baja autom\u00e1ticamente &#8230;<br \/>\n<\/strong>Aquellos miembros de la COMUNIDAD que no hayan pagado la cuota del a\u00f1o en curso o por incumplimiento significativo de alguno de los compromisos adquiridos como socios de la comunidad.<\/p>\n<p><strong>Si desea dar de baja &#8230;<br \/>\n<\/strong>Rogamos que lo comunique por escrito al correo <a href=\"mailto:administracio@adgirona.org\">administracio@adgirona.org<\/a>, explicitando el motivo de su baja. Su opini\u00f3n nos ser\u00e1 muy \u00fatil para seguir mejorando los contenidos y las propuestas de la COMUNIDAD ABAULA.[\/vc_column_text][\/vc_column][\/vc_row]<\/p>\n","protected":false},"excerpt":{"rendered":"<p>[vc_row full_width=&#8221;stretch_row_content_no_spaces&#8221;][vc_column][\/vc_column][\/vc_row][vc_row full_width=&#8221;stretch_row&#8221; css=&#8221;.vc_custom_1594411049292{border-bottom-width: 1px !important;border-bottom-color: #ebebeb !important;border-bottom-style: solid !important;}&#8221;][vc_column el_class=&#8221;bread&#8221;][vc_raw_html el_class=&#8221;prova&#8221;]JTVCd3BzZW9fYnJlYWRjcnVtYiU1RA==[\/vc_raw_html][\/vc_column][\/vc_row][vc_row][vc_column][vc_empty_space el_class=&#8221;only-desktop&#8221;][\/vc_column][\/vc_row][vc_row][vc_column width=&#8221;2\/3&#8243;][vc_column_text el_class=&#8221;textos&#8221;]La COMUNIDAD ABAULA es una iniciativa que surge despu\u00e9s de m\u00e1s de seis a\u00f1os de experiencia trabajando con familias y profesionales de los \u00e1mbitos educativo y social. El objetivo de formar esta comunidad es compartir con [&hellip;]<\/p>\n","protected":false},"author":1,"featured_media":0,"parent":0,"menu_order":0,"comment_status":"closed","ping_status":"closed","template":"","meta":{"footnotes":""},"class_list":["post-6156","page","type-page","status-publish","hentry"],"yoast_head":"<!-- This site is optimized with the Yoast SEO plugin v14.5 - https:\/\/yoast.com\/wordpress\/plugins\/seo\/ -->\n<title>Comunidad Abaula - AD Iniciatives Socials<\/title>\n<meta name=\"robots\" content=\"index, follow\" \/>\n<meta name=\"googlebot\" content=\"index, follow, max-snippet:-1, max-image-preview:large, max-video-preview:-1\" \/>\n<meta name=\"bingbot\" content=\"index, follow, max-snippet:-1, max-image-preview:large, max-video-preview:-1\" \/>\n<link rel=\"canonical\" href=\"https:\/\/www.abaula.cat\/es\/comunidad-abaula\/\" \/>\n<meta property=\"og:locale\" content=\"es_ES\" \/>\n<meta property=\"og:type\" content=\"article\" \/>\n<meta property=\"og:title\" content=\"Comunidad Abaula - AD Iniciatives Socials\" \/>\n<meta property=\"og:description\" content=\"[vc_row full_width=&#8221;stretch_row_content_no_spaces&#8221;][vc_column][\/vc_column][\/vc_row][vc_row full_width=&#8221;stretch_row&#8221; css=&#8221;.vc_custom_1594411049292{border-bottom-width: 1px !important;border-bottom-color: #ebebeb !important;border-bottom-style: solid !important;}&#8221;][vc_column el_class=&#8221;bread&#8221;][vc_raw_html el_class=&#8221;prova&#8221;]JTVCd3BzZW9fYnJlYWRjcnVtYiU1RA==[\/vc_raw_html][\/vc_column][\/vc_row][vc_row][vc_column][vc_empty_space el_class=&#8221;only-desktop&#8221;][\/vc_column][\/vc_row][vc_row][vc_column width=&#8221;2\/3&#8243;][vc_column_text el_class=&#8221;textos&#8221;]La COMUNIDAD ABAULA es una iniciativa que surge despu\u00e9s de m\u00e1s de seis a\u00f1os de experiencia trabajando con familias y profesionales de los \u00e1mbitos educativo y social. El objetivo de formar esta comunidad es compartir con [&hellip;]\" \/>\n<meta property=\"og:url\" content=\"https:\/\/www.abaula.cat\/es\/comunidad-abaula\/\" \/>\n<meta property=\"og:site_name\" content=\"AD Iniciatives Socials\" \/>\n<meta property=\"article:modified_time\" content=\"2020-07-17T11:18:45+00:00\" \/>\n<meta name=\"twitter:card\" content=\"summary_large_image\" \/>\n<script type=\"application\/ld+json\" class=\"yoast-schema-graph\">{\"@context\":\"https:\/\/schema.org\",\"@graph\":[{\"@type\":\"Organization\",\"@id\":\"https:\/\/www.abaula.cat\/es\/#organization\",\"name\":\"ABAULA\",\"url\":\"https:\/\/www.abaula.cat\/es\/\",\"sameAs\":[],\"logo\":{\"@type\":\"ImageObject\",\"@id\":\"https:\/\/www.abaula.cat\/es\/#logo\",\"inLanguage\":\"es\",\"url\":\"https:\/\/www.abaula.cat\/wp-content\/uploads\/2020\/07\/logo-red.png\",\"width\":285,\"height\":80,\"caption\":\"ABAULA\"},\"image\":{\"@id\":\"https:\/\/www.abaula.cat\/es\/#logo\"}},{\"@type\":\"WebSite\",\"@id\":\"https:\/\/www.abaula.cat\/es\/#website\",\"url\":\"https:\/\/www.abaula.cat\/es\/\",\"name\":\"AD Iniciatives Socials\",\"description\":\"\",\"publisher\":{\"@id\":\"https:\/\/www.abaula.cat\/es\/#organization\"},\"potentialAction\":[{\"@type\":\"SearchAction\",\"target\":\"https:\/\/www.abaula.cat\/es\/?s={search_term_string}\",\"query-input\":\"required name=search_term_string\"}],\"inLanguage\":\"es\"},{\"@type\":\"WebPage\",\"@id\":\"https:\/\/www.abaula.cat\/es\/comunidad-abaula\/#webpage\",\"url\":\"https:\/\/www.abaula.cat\/es\/comunidad-abaula\/\",\"name\":\"Comunidad Abaula - AD Iniciatives Socials\",\"isPartOf\":{\"@id\":\"https:\/\/www.abaula.cat\/es\/#website\"},\"datePublished\":\"2020-07-16T16:05:35+00:00\",\"dateModified\":\"2020-07-17T11:18:45+00:00\",\"breadcrumb\":{\"@id\":\"https:\/\/www.abaula.cat\/es\/comunidad-abaula\/#breadcrumb\"},\"inLanguage\":\"es\",\"potentialAction\":[{\"@type\":\"ReadAction\",\"target\":[\"https:\/\/www.abaula.cat\/es\/comunidad-abaula\/\"]}]},{\"@type\":\"BreadcrumbList\",\"@id\":\"https:\/\/www.abaula.cat\/es\/comunidad-abaula\/#breadcrumb\",\"itemListElement\":[{\"@type\":\"ListItem\",\"position\":1,\"item\":{\"@type\":\"WebPage\",\"@id\":\"https:\/\/www.abaula.cat\/es\/\",\"url\":\"https:\/\/www.abaula.cat\/es\/\",\"name\":\"Inici\"}},{\"@type\":\"ListItem\",\"position\":2,\"item\":{\"@type\":\"WebPage\",\"@id\":\"https:\/\/www.abaula.cat\/es\/comunidad-abaula\/\",\"url\":\"https:\/\/www.abaula.cat\/es\/comunidad-abaula\/\",\"name\":\"Comunidad Abaula\"}}]}]}<\/script>\n<!-- \/ Yoast SEO plugin. -->","_links":{"self":[{"href":"https:\/\/www.abaula.cat\/es\/wp-json\/wp\/v2\/pages\/6156","targetHints":{"allow":["GET"]}}],"collection":[{"href":"https:\/\/www.abaula.cat\/es\/wp-json\/wp\/v2\/pages"}],"about":[{"href":"https:\/\/www.abaula.cat\/es\/wp-json\/wp\/v2\/types\/page"}],"author":[{"embeddable":true,"href":"https:\/\/www.abaula.cat\/es\/wp-json\/wp\/v2\/users\/1"}],"replies":[{"embeddable":true,"href":"https:\/\/www.abaula.cat\/es\/wp-json\/wp\/v2\/comments?post=6156"}],"version-history":[{"count":2,"href":"https:\/\/www.abaula.cat\/es\/wp-json\/wp\/v2\/pages\/6156\/revisions"}],"predecessor-version":[{"id":6194,"href":"https:\/\/www.abaula.cat\/es\/wp-json\/wp\/v2\/pages\/6156\/revisions\/6194"}],"wp:attachment":[{"href":"https:\/\/www.abaula.cat\/es\/wp-json\/wp\/v2\/media?parent=6156"}],"curies":[{"name":"wp","href":"https:\/\/api.w.org\/{rel}","templated":true}]}}